{"id":911,"date":"2024-05-09T12:14:14","date_gmt":"2024-05-09T17:14:14","guid":{"rendered":"https:\/\/www.thelab.com.mx\/?page_id=911"},"modified":"2024-05-09T12:33:06","modified_gmt":"2024-05-09T17:33:06","slug":"politica-de-privacidad","status":"publish","type":"page","link":"https:\/\/www.thelab.com.mx\/en\/politica-de-privacidad\/","title":{"rendered":"Politica de Privacidad"},"content":{"rendered":"<div data-elementor-type=\"wp-page\" data-elementor-id=\"911\" class=\"elementor elementor-911\">\n\t\t\t\t<div class=\"elementor-element elementor-element-607692d e-flex e-con-boxed e-con e-parent\" data-id=\"607692d\" data-element_type=\"container\">\n\t\t\t\t\t<div class=\"e-con-inner\">\n\t\t\t\t<div class=\"elementor-element elementor-element-1902a49 elementor-widget elementor-widget-text-editor\" data-id=\"1902a49\" data-element_type=\"widget\" data-widget_type=\"text-editor.default\">\n\t\t\t\t<div class=\"elementor-widget-container\">\n\t\t\t\t\t\t\t\t\t<p><b>AVISO DE PRIVACIDAD<\/b><\/p>\n<p>LABORATORIO THE LAB, representado por JEAN MICHEL LIBOIRON, con domicilio en CALLE 36 SUR MZ 318 LT-004-1 LOCAL 3 EDIF MEDICA PLAYA, SOLIDARIDAD,QROO CP 77712, en cumplimiento a la Ley Federal de Protecci\u00f3n de Datos Personales en Posesi\u00f3n de Particulares (La Ley) y su Reglamento, hacen de su conocimiento que recaba y trata sus datos personales para las finalidades que establece este Aviso de Privacidad.&nbsp;<\/p>\n<p>Los datos personales que recabamos de forma directa e indirecta, se refieren a su nombre completo, direcci\u00f3n, tel\u00e9fono de casa, trabajo y celular,correo electr\u00f3nico y ocupaci\u00f3n, as\u00ed como datos patrimoniales o financieros.&nbsp;<\/p>\n<p>Nos comprometemos a que todos los datos obtenidos ser\u00e1n tratados bajo las m\u00e1s estrictas medidas de seguridad que garanticen su confidencialidad. Su informaci\u00f3n personal ser\u00e1 utilizada exclusivamente para dar seguimiento a comentarios, consultas, quejas y reclamaciones que usted presente en relaci\u00f3n con nuestros productos y servicios, mantener controles estad\u00edsticos y administrativos y, en su caso, para fines de publicidad y prospecci\u00f3n comercial.&nbsp;<\/p>\n<p>En caso que usted no desee que se traten sus datos personales para recibir publicidad y ofertas, usted nos lo puede hacer saber a nuestro departamento de relaciones con los clientes al tel\u00e9fono 984-1882761, de lunes a viernes de 07:00 am a 19:00 horas y s\u00e1bados de 07:00 am a 15:00 pm, o a trav\u00e9s del correo electr\u00f3nico info@thelab.com.mx.&nbsp;<\/p>\n<p>De conformidad con el art\u00edculo 8 de la Ley Federal de Protecci\u00f3n de Datos Personales en Posesi\u00f3n de Particulares, requerimos de su consentimiento expreso para el tratamiento de sus datos personales de car\u00e1cter informativo y administrativo.<\/p>\n<p>Si usted no manifiesta su oposici\u00f3n para el tratamiento de sus datos personales, se entender\u00e1 que nos otorga su consentimiento expreso para ello.&nbsp;<span style=\"color: var( --e-global-color-text ); text-align: var(--text-align);\">De cualquier forma, nos comprometemos a no tratar estos datos para finalidades diversas de las apuntadas en este Aviso de Privacidad, salvo en el caso de las excepciones previstas en el art\u00edculo 37 de la Ley Federal de Protecci\u00f3n de Datos Personales en Posesi\u00f3n de los Particulares.<\/span><\/p>\n<p><span style=\"color: var( --e-global-color-text ); text-align: var(--text-align);\">Le informamos que sus datos personales pueden ser transferidos por LABORATORIO THE LAB y tratados dentro y fuera del pa\u00eds a personas distintas de esta empresa.&nbsp;<\/span><\/p>\n<p><span style=\"color: var( --e-global-color-text ); text-align: var(--text-align);\">En ese sentido, su informaci\u00f3n puede ser compartida con fines publicitarios o promocionales para dar seguimiento a los comentarios, consultas, quejas y reclamaciones que usted presente, as\u00ed como para mantener controles administrativos y estad\u00edsticos.&nbsp;<\/span><\/p>\n<p><span style=\"color: var( --e-global-color-text ); text-align: var(--text-align);\">Si usted no manifiesta su oposici\u00f3n para que sus datos personales sean transferidos a terceros para estos fines, se entender\u00e1 que nos otorga su consentimiento para ello. Es importante se\u00f1alar que los terceros a los que LABORATORIO THE LAB. hace transferencia de sus datos personales se comprometen en los mismos t\u00e9rminos del presente Aviso de Privacidad y cumplen con las medidas de seguridad y confidencialidad correspondientes.&nbsp;<\/span><\/p>\n<p><span style=\"color: var( --e-global-color-text ); text-align: var(--text-align);\">De cualquier manera, nos comprometemos a no transferir su informaci\u00f3n personal a terceros sin su consentimiento, salvo en el caso de las excepciones previstas en el art\u00edculo 37 de la Ley Federal de Protecci\u00f3n de Datos Personales en Posesi\u00f3n de los Particulares, as\u00ed como a realizar esta transferencia en los t\u00e9rminos que fija esa Ley.&nbsp;<\/span><\/p>\n<p><span style=\"color: var( --e-global-color-text ); text-align: var(--text-align);\">Toda vez que el tratamiento y la transferencia de sus datos personales es indispensable para cumplir las finalidades expuestas en el presente Aviso de Privacidad, su limitaci\u00f3n podr\u00eda impedirnos cumplir con ellas y proporcionarle los serviciosde calidad que Usted espera de nosotros.&nbsp;<\/span><\/p>\n<p><span style=\"color: var( --e-global-color-text ); text-align: var(--text-align);\">Usted tiene derecho de acceder a sus datospersonales que poseemos y a los detalles de su tratamiento, as\u00ed como a rectificarlos en caso de ser inexactos o incompletos, o bien, cancelarlos cuando considere que no se requieren para alguna de las finalidades se\u00f1aladas en el presente Aviso de Privacidad; est\u00e9n siendo utilizados para finalidades no consentidas o haya finalizado la relaci\u00f3n contractual o de servicio, o bien, oponerse al tratamiento de los mismos para fines espec\u00edficos (Derechos ARCO).&nbsp;<\/span><\/p>\n<p><span style=\"color: var( --e-global-color-text ); text-align: var(--text-align);\">Para el ejercicio de los mencionados Derechos ARCO, deber\u00e1 presentar la solicitud respectiva directamente en nuestras instalaciones, Usted nos puede contactar directamente al tel\u00e9fono (984) 1882761, de lunes a viernes de 07:00 am a 19:00 pm y los s\u00e1bados de 07:00 am a 15:00 horas, o a trav\u00e9s del correo electr\u00f3nico atencionaclientes info@thelab.com.mx.<\/span><\/p>\n<p><span style=\"color: var( --e-global-color-text ); text-align: var(--text-align);\">La solicitud que presente para el ejercicio de los Derechos ARCO deber\u00e1 indicar su nombre y el domicilio o correo electr\u00f3nico en el que se desea recibir toda la informaci\u00f3n relacionada con el tr\u00e1mite, adem\u00e1s de estar acompa\u00f1ada del o los documentos con los que se acredite su identidad o la personalidad de su representante legal.&nbsp;<\/span><\/p>\n<p><span style=\"color: var( --e-global-color-text ); text-align: var(--text-align);\">Asimismo, le agradeceremos incluir una descripci\u00f3n clara y precisa de los datos respecto de los que se busca ejercer alguno de los derechos \u201cARCO\u201d y de cualquier otro elemento que nos permita identificar o localizar los datos personales en cuesti\u00f3n.&nbsp;<\/span><\/p>\n<p><span style=\"color: var( --e-global-color-text ); text-align: var(--text-align);\">Cuando se trate de \u201crectificaci\u00f3n\u201d de sus datos personales, deber\u00e1 indicarnos tambi\u00e9n cu\u00e1l es la modificaci\u00f3n exacta que busca realizar y presentar la documentaci\u00f3n que soporte la petici\u00f3n.&nbsp;<\/span><\/p>\n<p><span style=\"color: var( --e-global-color-text ); text-align: var(--text-align);\">Le pedimos que considere que por su protecci\u00f3n y beneficio, es posible que le solicitemos documentaci\u00f3n adicional que nos permita identificar con plenitud los datos que desee acceder, rectificar y\/o cancelar, o aquellos respecto de los cuales usted desee oponerse a su tratamiento.&nbsp;<\/span><\/p>\n<p><span style=\"color: var( --e-global-color-text ); text-align: var(--text-align);\">Asimismo, le informamos que es posible que LABORATORIO THE LAB no pueda cancelar o bloquear sus datos personales de conformidad con lo dispuesto por la Ley Federal de Protecci\u00f3n de Datos Personales en Posesi\u00f3n de Particulares y su Reglamento. Una vez recibida su solicitud completa y debidamente integrada, LABORATORIO THE LAB le comunicar\u00e1 la respuesta correspondiente en un plazo m\u00e1ximo de 20 d\u00edas h\u00e1biles.&nbsp;<\/span><\/p>\n<p><span style=\"color: var( --e-global-color-text ); text-align: var(--text-align);\">Si resultare procedente, dentro de los 15 d\u00edas siguientes podr\u00e1 hacer efectivo su derecho solicitado.&nbsp;<\/span><\/p>\n<p><span style=\"color: var( --e-global-color-text ); text-align: var(--text-align);\">En caso de que LABORATORIO THE LAB deba hacer entrega de documentaci\u00f3n como resultado del derecho ejercido, lo har\u00e1 a trav\u00e9s de copias que le ser\u00e1n enviadas por correo electr\u00f3nico o entregadas en el domicilio que para ello haya se\u00f1alado en su solicitud dentro del plazo antes mencionado.&nbsp;<\/span><\/p>\n<p><span style=\"color: var( --e-global-color-text ); text-align: var(--text-align);\">Si bien el ejercicio de los Derechos ARCO y la entrega de informaci\u00f3n es gratuita, LABORATORIO THE LAB se reserva el derecho a cobrar los gastos de env\u00edo y costos de fotocopiado.&nbsp;<\/span><\/p>\n<p><span style=\"color: var( --e-global-color-text ); text-align: var(--text-align);\">Usted puede en cualquier momento revocar el consentimiento que nos ha otorgado para impedir total o parcialmente el tratamiento de sus datos personales, en el entendido de que \u00e9stos son necesarios para los fines antes descritos y su limitaci\u00f3n podr\u00eda dificultarnos el cumplimiento de las finalidades para las cuales los recabamos y la prestaci\u00f3n de los servicios que usted espera de nosotros.&nbsp;<\/span><\/p>\n<p><span style=\"color: var( --e-global-color-text ); text-align: var(--text-align);\">En caso de que desee revocar su consentimiento al tratamiento de sus datos personales, deber\u00e1 presentar su solicitud ante LABORATORIO THE LAB acompa\u00f1ada de copia de su identificaci\u00f3n oficial para acreditar que es el titular de los datos personales (en su caso, la acreditaci\u00f3n de su representante legal), y se\u00f1alar el correo electr\u00f3nico o domicilio el que se desea recibir la informaci\u00f3n relacionada con el tr\u00e1mite, una descripci\u00f3n clara y precisa de los datos personales respecto de los cuales requiere revocar su consentimiento y los datos que nos permitan notificarle la resoluci\u00f3n reca\u00edda a su solicitud.&nbsp;<\/span><\/p>\n<p><span style=\"color: var( --e-global-color-text ); text-align: var(--text-align);\">LABORATORIO THE LAB le notificar\u00e1 la resoluci\u00f3n reca\u00edda a su solicitud dentro de los 15 d\u00edas h\u00e1biles siguientes a la presentaci\u00f3n de su solicitud, siempre que \u00e9sta se encuentre completa y debidamente integrada.&nbsp;<\/span><\/p>\n<p><span style=\"color: var( --e-global-color-text ); text-align: var(--text-align);\">En cualquier momento LABORATORIO THE LAB puede hacer modificaciones o actualizaciones al presente Aviso de Privacidad para la atenci\u00f3n de novedades legislativas, pol\u00edticas internas o nuevos requerimientos para la administraci\u00f3n de quejas y reclamaciones de los clientes.<\/span><\/p>\t\t\t\t\t\t\t\t<\/div>\n\t\t\t\t<\/div>\n\t\t\t\t\t<\/div>\n\t\t\t\t<\/div>\n\t\t\t\t<\/div>","protected":false},"excerpt":{"rendered":"<p>AVISO DE PRIVACIDAD LABORATORIO THE LAB, representado por JEAN MICHEL LIBOIRON, con domicilio en CALLE 36 SUR MZ 318 LT-004-1 LOCAL 3 EDIF MEDICA PLAYA, SOLIDARIDAD,QROO CP 77712, en cumplimiento a la Ley Federal de Protecci\u00f3n de Datos Personales en Posesi\u00f3n de Particulares (La Ley) y su Reglamento, hacen de su conocimiento que recaba y [&hellip;]<\/p>","protected":false},"author":1,"featured_media":0,"parent":0,"menu_order":0,"comment_status":"closed","ping_status":"closed","template":"","meta":{"footnotes":""},"class_list":["post-911","page","type-page","status-publish","hentry"],"yoast_head":"<!-- This site is optimized with the Yoast SEO plugin v25.8 - https:\/\/yoast.com\/wordpress\/plugins\/seo\/ -->\n<title>Politica de Privacidad - The Lab<\/title>\n<meta name=\"robots\" content=\"index, follow, max-snippet:-1, max-image-preview:large, max-video-preview:-1\" \/>\n<link rel=\"canonical\" href=\"https:\/\/www.thelab.com.mx\/en\/politica-de-privacidad\/\" \/>\n<meta property=\"og:locale\" content=\"en_US\" \/>\n<meta property=\"og:type\" content=\"article\" \/>\n<meta property=\"og:title\" content=\"Politica de Privacidad - The Lab\" \/>\n<meta property=\"og:description\" content=\"AVISO DE PRIVACIDAD LABORATORIO THE LAB, representado por JEAN MICHEL LIBOIRON, con domicilio en CALLE 36 SUR MZ 318 LT-004-1 LOCAL 3 EDIF MEDICA PLAYA, SOLIDARIDAD,QROO CP 77712, en cumplimiento a la Ley Federal de Protecci\u00f3n de Datos Personales en Posesi\u00f3n de Particulares (La Ley) y su Reglamento, hacen de su conocimiento que recaba y [&hellip;]\" \/>\n<meta property=\"og:url\" content=\"https:\/\/www.thelab.com.mx\/en\/politica-de-privacidad\/\" \/>\n<meta property=\"og:site_name\" content=\"The Lab\" \/>\n<meta property=\"article:publisher\" content=\"https:\/\/www.facebook.com\/people\/The-Lab\/100076796915908\/\" \/>\n<meta property=\"article:modified_time\" content=\"2024-05-09T17:33:06+00:00\" \/>\n<meta name=\"twitter:card\" content=\"summary_large_image\" \/>\n<meta name=\"twitter:label1\" content=\"Est. reading time\" \/>\n\t<meta name=\"twitter:data1\" content=\"7 minutes\" \/>\n<script type=\"application\/ld+json\" class=\"yoast-schema-graph\">{\"@context\":\"https:\/\/schema.org\",\"@graph\":[{\"@type\":\"WebPage\",\"@id\":\"https:\/\/www.thelab.com.mx\/en\/politica-de-privacidad\/\",\"url\":\"https:\/\/www.thelab.com.mx\/en\/politica-de-privacidad\/\",\"name\":\"Politica de Privacidad - The Lab\",\"isPartOf\":{\"@id\":\"http:\/\/www.thelab.com.mx\/#website\"},\"datePublished\":\"2024-05-09T17:14:14+00:00\",\"dateModified\":\"2024-05-09T17:33:06+00:00\",\"breadcrumb\":{\"@id\":\"https:\/\/www.thelab.com.mx\/en\/politica-de-privacidad\/#breadcrumb\"},\"inLanguage\":\"en-US\",\"potentialAction\":[{\"@type\":\"ReadAction\",\"target\":[\"https:\/\/www.thelab.com.mx\/en\/politica-de-privacidad\/\"]}]},{\"@type\":\"BreadcrumbList\",\"@id\":\"https:\/\/www.thelab.com.mx\/en\/politica-de-privacidad\/#breadcrumb\",\"itemListElement\":[{\"@type\":\"ListItem\",\"position\":1,\"name\":\"Home\",\"item\":\"http:\/\/www.thelab.com.mx\/\"},{\"@type\":\"ListItem\",\"position\":2,\"name\":\"Politica de Privacidad\"}]},{\"@type\":\"WebSite\",\"@id\":\"http:\/\/www.thelab.com.mx\/#website\",\"url\":\"http:\/\/www.thelab.com.mx\/\",\"name\":\"The Lab\",\"description\":\"The Lab\",\"publisher\":{\"@id\":\"http:\/\/www.thelab.com.mx\/#organization\"},\"alternateName\":\"Laboratorio - The Lab\",\"potentialAction\":[{\"@type\":\"SearchAction\",\"target\":{\"@type\":\"EntryPoint\",\"urlTemplate\":\"http:\/\/www.thelab.com.mx\/?s={search_term_string}\"},\"query-input\":{\"@type\":\"PropertyValueSpecification\",\"valueRequired\":true,\"valueName\":\"search_term_string\"}}],\"inLanguage\":\"en-US\"},{\"@type\":\"Organization\",\"@id\":\"http:\/\/www.thelab.com.mx\/#organization\",\"name\":\"Laboratorio - The Lab\",\"alternateName\":\"Laboratorio - The Lab\",\"url\":\"http:\/\/www.thelab.com.mx\/\",\"logo\":{\"@type\":\"ImageObject\",\"inLanguage\":\"en-US\",\"@id\":\"http:\/\/www.thelab.com.mx\/#\/schema\/logo\/image\/\",\"url\":\"https:\/\/www.thelab.com.mx\/wp-content\/uploads\/the_lab-ogp.jpg\",\"contentUrl\":\"https:\/\/www.thelab.com.mx\/wp-content\/uploads\/the_lab-ogp.jpg\",\"width\":1200,\"height\":1200,\"caption\":\"Laboratorio - The Lab\"},\"image\":{\"@id\":\"http:\/\/www.thelab.com.mx\/#\/schema\/logo\/image\/\"},\"sameAs\":[\"https:\/\/www.facebook.com\/people\/The-Lab\/100076796915908\/\",\"https:\/\/www.instagram.com\/thelab_qroo\/\"]}]}<\/script>\n<!-- \/ Yoast SEO plugin. -->","yoast_head_json":{"title":"Politica de Privacidad - The Lab","robots":{"index":"index","follow":"follow","max-snippet":"max-snippet:-1","max-image-preview":"max-image-preview:large","max-video-preview":"max-video-preview:-1"},"canonical":"https:\/\/www.thelab.com.mx\/en\/politica-de-privacidad\/","og_locale":"en_US","og_type":"article","og_title":"Politica de Privacidad - The Lab","og_description":"AVISO DE PRIVACIDAD LABORATORIO THE LAB, representado por JEAN MICHEL LIBOIRON, con domicilio en CALLE 36 SUR MZ 318 LT-004-1 LOCAL 3 EDIF MEDICA PLAYA, SOLIDARIDAD,QROO CP 77712, en cumplimiento a la Ley Federal de Protecci\u00f3n de Datos Personales en Posesi\u00f3n de Particulares (La Ley) y su Reglamento, hacen de su conocimiento que recaba y [&hellip;]","og_url":"https:\/\/www.thelab.com.mx\/en\/politica-de-privacidad\/","og_site_name":"The Lab","article_publisher":"https:\/\/www.facebook.com\/people\/The-Lab\/100076796915908\/","article_modified_time":"2024-05-09T17:33:06+00:00","twitter_card":"summary_large_image","twitter_misc":{"Est. reading time":"7 minutes"},"schema":{"@context":"https:\/\/schema.org","@graph":[{"@type":"WebPage","@id":"https:\/\/www.thelab.com.mx\/en\/politica-de-privacidad\/","url":"https:\/\/www.thelab.com.mx\/en\/politica-de-privacidad\/","name":"Politica de Privacidad - The Lab","isPartOf":{"@id":"http:\/\/www.thelab.com.mx\/#website"},"datePublished":"2024-05-09T17:14:14+00:00","dateModified":"2024-05-09T17:33:06+00:00","breadcrumb":{"@id":"https:\/\/www.thelab.com.mx\/en\/politica-de-privacidad\/#breadcrumb"},"inLanguage":"en-US","potentialAction":[{"@type":"ReadAction","target":["https:\/\/www.thelab.com.mx\/en\/politica-de-privacidad\/"]}]},{"@type":"BreadcrumbList","@id":"https:\/\/www.thelab.com.mx\/en\/politica-de-privacidad\/#breadcrumb","itemListElement":[{"@type":"ListItem","position":1,"name":"Home","item":"http:\/\/www.thelab.com.mx\/"},{"@type":"ListItem","position":2,"name":"Politica de Privacidad"}]},{"@type":"WebSite","@id":"http:\/\/www.thelab.com.mx\/#website","url":"http:\/\/www.thelab.com.mx\/","name":"The Lab","description":"The Lab","publisher":{"@id":"http:\/\/www.thelab.com.mx\/#organization"},"alternateName":"Laboratorio - The Lab","potentialAction":[{"@type":"SearchAction","target":{"@type":"EntryPoint","urlTemplate":"http:\/\/www.thelab.com.mx\/?s={search_term_string}"},"query-input":{"@type":"PropertyValueSpecification","valueRequired":true,"valueName":"search_term_string"}}],"inLanguage":"en-US"},{"@type":"Organization","@id":"http:\/\/www.thelab.com.mx\/#organization","name":"Laboratorio - The Lab","alternateName":"Laboratorio - The Lab","url":"http:\/\/www.thelab.com.mx\/","logo":{"@type":"ImageObject","inLanguage":"en-US","@id":"http:\/\/www.thelab.com.mx\/#\/schema\/logo\/image\/","url":"https:\/\/www.thelab.com.mx\/wp-content\/uploads\/the_lab-ogp.jpg","contentUrl":"https:\/\/www.thelab.com.mx\/wp-content\/uploads\/the_lab-ogp.jpg","width":1200,"height":1200,"caption":"Laboratorio - The Lab"},"image":{"@id":"http:\/\/www.thelab.com.mx\/#\/schema\/logo\/image\/"},"sameAs":["https:\/\/www.facebook.com\/people\/The-Lab\/100076796915908\/","https:\/\/www.instagram.com\/thelab_qroo\/"]}]}},"_links":{"self":[{"href":"https:\/\/www.thelab.com.mx\/en\/wp-json\/wp\/v2\/pages\/911","targetHints":{"allow":["GET"]}}],"collection":[{"href":"https:\/\/www.thelab.com.mx\/en\/wp-json\/wp\/v2\/pages"}],"about":[{"href":"https:\/\/www.thelab.com.mx\/en\/wp-json\/wp\/v2\/types\/page"}],"author":[{"embeddable":true,"href":"https:\/\/www.thelab.com.mx\/en\/wp-json\/wp\/v2\/users\/1"}],"replies":[{"embeddable":true,"href":"https:\/\/www.thelab.com.mx\/en\/wp-json\/wp\/v2\/comments?post=911"}],"version-history":[{"count":13,"href":"https:\/\/www.thelab.com.mx\/en\/wp-json\/wp\/v2\/pages\/911\/revisions"}],"predecessor-version":[{"id":924,"href":"https:\/\/www.thelab.com.mx\/en\/wp-json\/wp\/v2\/pages\/911\/revisions\/924"}],"wp:attachment":[{"href":"https:\/\/www.thelab.com.mx\/en\/wp-json\/wp\/v2\/media?parent=911"}],"curies":[{"name":"wp","href":"https:\/\/api.w.org\/{rel}","templated":true}]}}