{"id":806,"date":"2024-05-03T17:52:43","date_gmt":"2024-05-03T22:52:43","guid":{"rendered":"https:\/\/www.thelab.com.mx\/?page_id=806"},"modified":"2024-05-18T15:40:32","modified_gmt":"2024-05-18T20:40:32","slug":"biologia-molecular","status":"publish","type":"page","link":"https:\/\/www.thelab.com.mx\/en\/biologia-molecular\/","title":{"rendered":"Molecular biology"},"content":{"rendered":"<div data-elementor-type=\"wp-page\" data-elementor-id=\"806\" class=\"elementor elementor-806\">\n\t\t\t\t<div class=\"elementor-element elementor-element-8b9b42f e-flex e-con-boxed e-con e-parent\" data-id=\"8b9b42f\" data-element_type=\"container\" data-settings=\"{&quot;background_background&quot;:&quot;classic&quot;}\">\n\t\t\t\t\t<div class=\"e-con-inner\">\n\t\t<div class=\"elementor-element elementor-element-e03f542 e-con-full e-flex e-con e-child\" data-id=\"e03f542\" data-element_type=\"container\">\n\t\t<div class=\"elementor-element elementor-element-fdc2a32 e-con-full e-flex e-con e-child\" data-id=\"fdc2a32\" data-element_type=\"container\">\n\t\t\t\t<div class=\"elementor-element elementor-element-84c3393 elementor-widget elementor-widget-text-editor\" data-id=\"84c3393\" data-element_type=\"widget\" data-widget_type=\"text-editor.default\">\n\t\t\t\t<div class=\"elementor-widget-container\">\n\t\t\t\t\t\t\t\t\t<p>Services<\/p>\t\t\t\t\t\t\t\t<\/div>\n\t\t\t\t<\/div>\n\t\t\t\t<div class=\"elementor-element elementor-element-28676ea elementor-widget elementor-widget-heading\" data-id=\"28676ea\" data-element_type=\"widget\" data-widget_type=\"heading.default\">\n\t\t\t\t<div class=\"elementor-widget-container\">\n\t\t\t\t\t<h2 class=\"elementor-heading-title elementor-size-default\">Molecular biology<\/h2>\t\t\t\t<\/div>\n\t\t\t\t<\/div>\n\t\t\t\t<div class=\"elementor-element elementor-element-c57456d elementor-widget elementor-widget-text-editor\" data-id=\"c57456d\" data-element_type=\"widget\" data-widget_type=\"text-editor.default\">\n\t\t\t\t<div class=\"elementor-widget-container\">\n\t\t\t\t\t\t\t\t\t<p><strong><span class=\"nLetter\">T<\/span><\/strong>he Molecular Biology laboratory is responsible for the detection of phytopathogens that cannot be detected using traditional techniques, so molecular tools have to be used.<\/p><p>PCR techniques are performed for phytopathogens with DNA genome and RT-PCR for RNA phytopathogens.<\/p><p>The tests we perform, among others, are:<\/p>\t\t\t\t\t\t\t\t<\/div>\n\t\t\t\t<\/div>\n\t\t\t\t<div class=\"elementor-element elementor-element-2f2fead elementor-widget elementor-widget-text-editor\" data-id=\"2f2fead\" data-element_type=\"widget\" data-widget_type=\"text-editor.default\">\n\t\t\t\t<div class=\"elementor-widget-container\">\n\t\t\t\t\t\t\t\t\t<ul><li>PCR SARS-COV2<\/li><li>HPV WITH GENOTYPING<\/li><\/ul>\t\t\t\t\t\t\t\t<\/div>\n\t\t\t\t<\/div>\n\t\t\t\t<div class=\"elementor-element elementor-element-5540a97 elementor-widget elementor-widget-button\" data-id=\"5540a97\" data-element_type=\"widget\" data-widget_type=\"button.default\">\n\t\t\t\t<div class=\"elementor-widget-container\">\n\t\t\t\t\t\t\t\t\t<div class=\"elementor-button-wrapper\">\n\t\t\t\t\t<a class=\"elementor-button elementor-button-link elementor-size-sm\" href=\"https:\/\/wa.me\/529841882761?text=Hola,quisiera%20agendar%20una%20cita%20para:%20Biologia%20Molecular\">\n\t\t\t\t\t\t<span class=\"elementor-button-content-wrapper\">\n\t\t\t\t\t\t<span class=\"elementor-button-icon\">\n\t\t\t\t<svg aria-hidden=\"true\" class=\"e-font-icon-svg e-fas-flask\" viewbox=\"0 0 448 512\" xmlns=\"http:\/\/www.w3.org\/2000\/svg\"><path d=\"M437.2 403.5L320 215V64h8c13.3 0 24-10.7 24-24V24c0-13.3-10.7-24-24-24H120c-13.3 0-24 10.7-24 24v16c0 13.3 10.7 24 24 24h8v151L10.8 403.5C-18.5 450.6 15.3 512 70.9 512h306.2c55.7 0 89.4-61.5 60.1-108.5zM137.9 320l48.2-77.6c3.7-5.2 5.8-11.6 5.8-18.4V64h64v160c0 6.9 2.2 13.2 5.8 18.4l48.2 77.6h-172z\"><\/path><\/svg>\t\t\t<\/span>\n\t\t\t\t\t\t\t\t\t<span class=\"elementor-button-text\">Schedule your appointment<\/span>\n\t\t\t\t\t<\/span>\n\t\t\t\t\t<\/a>\n\t\t\t\t<\/div>\n\t\t\t\t\t\t\t\t<\/div>\n\t\t\t\t<\/div>\n\t\t\t\t<\/div>\n\t\t<div class=\"elementor-element elementor-element-01b7b92 e-con-full e-flex e-con e-child\" data-id=\"01b7b92\" data-element_type=\"container\">\n\t\t\t\t<div class=\"elementor-element elementor-element-43d7ee2 elementor-widget elementor-widget-image\" data-id=\"43d7ee2\" data-element_type=\"widget\" data-widget_type=\"image.default\">\n\t\t\t\t<div class=\"elementor-widget-container\">\n\t\t\t\t\t\t\t\t\t\t\t\t\t\t\t<img fetchpriority=\"high\" decoding=\"async\" width=\"600\" height=\"500\" src=\"https:\/\/www.thelab.com.mx\/wp-content\/uploads\/the-lab-servicios-biologia_molecular.webp\" class=\"attachment-large size-large wp-image-1497\" alt=\"\" srcset=\"https:\/\/www.thelab.com.mx\/wp-content\/uploads\/the-lab-servicios-biologia_molecular.webp 600w, https:\/\/www.thelab.com.mx\/wp-content\/uploads\/the-lab-servicios-biologia_molecular-14x12.webp 14w\" sizes=\"(max-width: 600px) 100vw, 600px\" \/>\t\t\t\t\t\t\t\t\t\t\t\t\t\t\t<\/div>\n\t\t\t\t<\/div>\n\t\t\t\t<\/div>\n\t\t\t\t<\/div>\n\t\t\t\t\t<\/div>\n\t\t\t\t<\/div>\n\t\t\t\t<\/div>","protected":false},"excerpt":{"rendered":"<p>Servicios: Biolog\u00eda Molecular El laboratorio de Biolog\u00eda Molecular, se encarga de la detecci\u00f3n de fitopat\u00f3genos que no se pueden detectar mediante t\u00e9cnicas tradicionales, por lo que se tiene que recurrir a las herramientas moleculares. Se realizan t\u00e9cnicas de PCR para fitopat\u00f3genos con genoma de ADN y RT-PCR para fitopat\u00f3genos de ARN. Las pruebas que realizamos [&hellip;]<\/p>","protected":false},"author":1,"featured_media":0,"parent":0,"menu_order":0,"comment_status":"closed","ping_status":"closed","template":"","meta":{"footnotes":""},"class_list":["post-806","page","type-page","status-publish","hentry"],"yoast_head":"<!-- This site is optimized with the Yoast SEO plugin v25.8 - https:\/\/yoast.com\/wordpress\/plugins\/seo\/ -->\n<title>Biolog\u00eda Molecular - The Lab<\/title>\n<meta name=\"robots\" content=\"index, follow, max-snippet:-1, max-image-preview:large, max-video-preview:-1\" \/>\n<link rel=\"canonical\" href=\"https:\/\/www.thelab.com.mx\/en\/biologia-molecular\/\" \/>\n<meta property=\"og:locale\" content=\"en_US\" \/>\n<meta property=\"og:type\" content=\"article\" \/>\n<meta property=\"og:title\" content=\"Biolog\u00eda Molecular - The Lab\" \/>\n<meta property=\"og:description\" content=\"Servicios: Biolog\u00eda Molecular El laboratorio de Biolog\u00eda Molecular, se encarga de la detecci\u00f3n de fitopat\u00f3genos que no se pueden detectar mediante t\u00e9cnicas tradicionales, por lo que se tiene que recurrir a las herramientas moleculares. Se realizan t\u00e9cnicas de PCR para fitopat\u00f3genos con genoma de ADN y RT-PCR para fitopat\u00f3genos de ARN. Las pruebas que realizamos [&hellip;]\" \/>\n<meta property=\"og:url\" content=\"https:\/\/www.thelab.com.mx\/en\/biologia-molecular\/\" \/>\n<meta property=\"og:site_name\" content=\"The Lab\" \/>\n<meta property=\"article:publisher\" content=\"https:\/\/www.facebook.com\/people\/The-Lab\/100076796915908\/\" \/>\n<meta property=\"article:modified_time\" content=\"2024-05-18T20:40:32+00:00\" \/>\n<meta property=\"og:image\" content=\"http:\/\/www.thelab.com.mx\/wp-content\/uploads\/the-lab-servicios-biologia_molecular.webp\" \/>\n<meta name=\"twitter:card\" content=\"summary_large_image\" \/>\n<script type=\"application\/ld+json\" class=\"yoast-schema-graph\">{\"@context\":\"https:\/\/schema.org\",\"@graph\":[{\"@type\":\"WebPage\",\"@id\":\"https:\/\/www.thelab.com.mx\/en\/biologia-molecular\/\",\"url\":\"https:\/\/www.thelab.com.mx\/en\/biologia-molecular\/\",\"name\":\"Biolog\u00eda Molecular - The Lab\",\"isPartOf\":{\"@id\":\"http:\/\/www.thelab.com.mx\/#website\"},\"primaryImageOfPage\":{\"@id\":\"https:\/\/www.thelab.com.mx\/en\/biologia-molecular\/#primaryimage\"},\"image\":{\"@id\":\"https:\/\/www.thelab.com.mx\/en\/biologia-molecular\/#primaryimage\"},\"thumbnailUrl\":\"http:\/\/www.thelab.com.mx\/wp-content\/uploads\/the-lab-servicios-biologia_molecular.webp\",\"datePublished\":\"2024-05-03T22:52:43+00:00\",\"dateModified\":\"2024-05-18T20:40:32+00:00\",\"breadcrumb\":{\"@id\":\"https:\/\/www.thelab.com.mx\/en\/biologia-molecular\/#breadcrumb\"},\"inLanguage\":\"en-US\",\"potentialAction\":[{\"@type\":\"ReadAction\",\"target\":[\"https:\/\/www.thelab.com.mx\/en\/biologia-molecular\/\"]}]},{\"@type\":\"ImageObject\",\"inLanguage\":\"en-US\",\"@id\":\"https:\/\/www.thelab.com.mx\/en\/biologia-molecular\/#primaryimage\",\"url\":\"http:\/\/www.thelab.com.mx\/wp-content\/uploads\/the-lab-servicios-biologia_molecular.webp\",\"contentUrl\":\"http:\/\/www.thelab.com.mx\/wp-content\/uploads\/the-lab-servicios-biologia_molecular.webp\"},{\"@type\":\"BreadcrumbList\",\"@id\":\"https:\/\/www.thelab.com.mx\/en\/biologia-molecular\/#breadcrumb\",\"itemListElement\":[{\"@type\":\"ListItem\",\"position\":1,\"name\":\"Home\",\"item\":\"http:\/\/www.thelab.com.mx\/\"},{\"@type\":\"ListItem\",\"position\":2,\"name\":\"Biolog\u00eda Molecular\"}]},{\"@type\":\"WebSite\",\"@id\":\"http:\/\/www.thelab.com.mx\/#website\",\"url\":\"http:\/\/www.thelab.com.mx\/\",\"name\":\"The Lab\",\"description\":\"The Lab\",\"publisher\":{\"@id\":\"http:\/\/www.thelab.com.mx\/#organization\"},\"alternateName\":\"Laboratorio - The Lab\",\"potentialAction\":[{\"@type\":\"SearchAction\",\"target\":{\"@type\":\"EntryPoint\",\"urlTemplate\":\"http:\/\/www.thelab.com.mx\/?s={search_term_string}\"},\"query-input\":{\"@type\":\"PropertyValueSpecification\",\"valueRequired\":true,\"valueName\":\"search_term_string\"}}],\"inLanguage\":\"en-US\"},{\"@type\":\"Organization\",\"@id\":\"http:\/\/www.thelab.com.mx\/#organization\",\"name\":\"Laboratorio - The Lab\",\"alternateName\":\"Laboratorio - The Lab\",\"url\":\"http:\/\/www.thelab.com.mx\/\",\"logo\":{\"@type\":\"ImageObject\",\"inLanguage\":\"en-US\",\"@id\":\"http:\/\/www.thelab.com.mx\/#\/schema\/logo\/image\/\",\"url\":\"https:\/\/www.thelab.com.mx\/wp-content\/uploads\/the_lab-ogp.jpg\",\"contentUrl\":\"https:\/\/www.thelab.com.mx\/wp-content\/uploads\/the_lab-ogp.jpg\",\"width\":1200,\"height\":1200,\"caption\":\"Laboratorio - The Lab\"},\"image\":{\"@id\":\"http:\/\/www.thelab.com.mx\/#\/schema\/logo\/image\/\"},\"sameAs\":[\"https:\/\/www.facebook.com\/people\/The-Lab\/100076796915908\/\",\"https:\/\/www.instagram.com\/thelab_qroo\/\"]}]}<\/script>\n<!-- \/ Yoast SEO plugin. -->","yoast_head_json":{"title":"Biolog\u00eda Molecular - The Lab","robots":{"index":"index","follow":"follow","max-snippet":"max-snippet:-1","max-image-preview":"max-image-preview:large","max-video-preview":"max-video-preview:-1"},"canonical":"https:\/\/www.thelab.com.mx\/en\/biologia-molecular\/","og_locale":"en_US","og_type":"article","og_title":"Biolog\u00eda Molecular - The Lab","og_description":"Servicios: Biolog\u00eda Molecular El laboratorio de Biolog\u00eda Molecular, se encarga de la detecci\u00f3n de fitopat\u00f3genos que no se pueden detectar mediante t\u00e9cnicas tradicionales, por lo que se tiene que recurrir a las herramientas moleculares. Se realizan t\u00e9cnicas de PCR para fitopat\u00f3genos con genoma de ADN y RT-PCR para fitopat\u00f3genos de ARN. Las pruebas que realizamos [&hellip;]","og_url":"https:\/\/www.thelab.com.mx\/en\/biologia-molecular\/","og_site_name":"The Lab","article_publisher":"https:\/\/www.facebook.com\/people\/The-Lab\/100076796915908\/","article_modified_time":"2024-05-18T20:40:32+00:00","og_image":[{"url":"http:\/\/www.thelab.com.mx\/wp-content\/uploads\/the-lab-servicios-biologia_molecular.webp","type":"","width":"","height":""}],"twitter_card":"summary_large_image","schema":{"@context":"https:\/\/schema.org","@graph":[{"@type":"WebPage","@id":"https:\/\/www.thelab.com.mx\/en\/biologia-molecular\/","url":"https:\/\/www.thelab.com.mx\/en\/biologia-molecular\/","name":"Biolog\u00eda Molecular - The Lab","isPartOf":{"@id":"http:\/\/www.thelab.com.mx\/#website"},"primaryImageOfPage":{"@id":"https:\/\/www.thelab.com.mx\/en\/biologia-molecular\/#primaryimage"},"image":{"@id":"https:\/\/www.thelab.com.mx\/en\/biologia-molecular\/#primaryimage"},"thumbnailUrl":"http:\/\/www.thelab.com.mx\/wp-content\/uploads\/the-lab-servicios-biologia_molecular.webp","datePublished":"2024-05-03T22:52:43+00:00","dateModified":"2024-05-18T20:40:32+00:00","breadcrumb":{"@id":"https:\/\/www.thelab.com.mx\/en\/biologia-molecular\/#breadcrumb"},"inLanguage":"en-US","potentialAction":[{"@type":"ReadAction","target":["https:\/\/www.thelab.com.mx\/en\/biologia-molecular\/"]}]},{"@type":"ImageObject","inLanguage":"en-US","@id":"https:\/\/www.thelab.com.mx\/en\/biologia-molecular\/#primaryimage","url":"http:\/\/www.thelab.com.mx\/wp-content\/uploads\/the-lab-servicios-biologia_molecular.webp","contentUrl":"http:\/\/www.thelab.com.mx\/wp-content\/uploads\/the-lab-servicios-biologia_molecular.webp"},{"@type":"BreadcrumbList","@id":"https:\/\/www.thelab.com.mx\/en\/biologia-molecular\/#breadcrumb","itemListElement":[{"@type":"ListItem","position":1,"name":"Home","item":"http:\/\/www.thelab.com.mx\/"},{"@type":"ListItem","position":2,"name":"Biolog\u00eda Molecular"}]},{"@type":"WebSite","@id":"http:\/\/www.thelab.com.mx\/#website","url":"http:\/\/www.thelab.com.mx\/","name":"The Lab","description":"The Lab","publisher":{"@id":"http:\/\/www.thelab.com.mx\/#organization"},"alternateName":"Laboratorio - The Lab","potentialAction":[{"@type":"SearchAction","target":{"@type":"EntryPoint","urlTemplate":"http:\/\/www.thelab.com.mx\/?s={search_term_string}"},"query-input":{"@type":"PropertyValueSpecification","valueRequired":true,"valueName":"search_term_string"}}],"inLanguage":"en-US"},{"@type":"Organization","@id":"http:\/\/www.thelab.com.mx\/#organization","name":"Laboratorio - The Lab","alternateName":"Laboratorio - The Lab","url":"http:\/\/www.thelab.com.mx\/","logo":{"@type":"ImageObject","inLanguage":"en-US","@id":"http:\/\/www.thelab.com.mx\/#\/schema\/logo\/image\/","url":"https:\/\/www.thelab.com.mx\/wp-content\/uploads\/the_lab-ogp.jpg","contentUrl":"https:\/\/www.thelab.com.mx\/wp-content\/uploads\/the_lab-ogp.jpg","width":1200,"height":1200,"caption":"Laboratorio - The Lab"},"image":{"@id":"http:\/\/www.thelab.com.mx\/#\/schema\/logo\/image\/"},"sameAs":["https:\/\/www.facebook.com\/people\/The-Lab\/100076796915908\/","https:\/\/www.instagram.com\/thelab_qroo\/"]}]}},"_links":{"self":[{"href":"https:\/\/www.thelab.com.mx\/en\/wp-json\/wp\/v2\/pages\/806","targetHints":{"allow":["GET"]}}],"collection":[{"href":"https:\/\/www.thelab.com.mx\/en\/wp-json\/wp\/v2\/pages"}],"about":[{"href":"https:\/\/www.thelab.com.mx\/en\/wp-json\/wp\/v2\/types\/page"}],"author":[{"embeddable":true,"href":"https:\/\/www.thelab.com.mx\/en\/wp-json\/wp\/v2\/users\/1"}],"replies":[{"embeddable":true,"href":"https:\/\/www.thelab.com.mx\/en\/wp-json\/wp\/v2\/comments?post=806"}],"version-history":[{"count":37,"href":"https:\/\/www.thelab.com.mx\/en\/wp-json\/wp\/v2\/pages\/806\/revisions"}],"predecessor-version":[{"id":1500,"href":"https:\/\/www.thelab.com.mx\/en\/wp-json\/wp\/v2\/pages\/806\/revisions\/1500"}],"wp:attachment":[{"href":"https:\/\/www.thelab.com.mx\/en\/wp-json\/wp\/v2\/media?parent=806"}],"curies":[{"name":"wp","href":"https:\/\/api.w.org\/{rel}","templated":true}]}}