{"id":2025,"date":"2025-08-20T15:05:15","date_gmt":"2025-08-20T20:05:15","guid":{"rendered":"https:\/\/www.thelab.com.mx\/?page_id=2025"},"modified":"2025-09-03T12:33:26","modified_gmt":"2025-09-03T17:33:26","slug":"encuesta","status":"publish","type":"page","link":"https:\/\/www.thelab.com.mx\/en\/encuesta\/","title":{"rendered":"Encuesta"},"content":{"rendered":"<div data-elementor-type=\"wp-page\" data-elementor-id=\"2025\" class=\"elementor elementor-2025\">\n\t\t\t\t<div class=\"elementor-element elementor-element-250502b e-flex e-con-boxed e-con e-parent\" data-id=\"250502b\" data-element_type=\"container\" data-settings=\"{&quot;background_background&quot;:&quot;classic&quot;}\">\n\t\t\t\t\t<div class=\"e-con-inner\">\n\t\t<div class=\"elementor-element elementor-element-77b8aaa e-con-full contactBg e-flex e-con e-child\" data-id=\"77b8aaa\" data-element_type=\"container\" data-settings=\"{&quot;background_background&quot;:&quot;classic&quot;}\">\n\t\t<div class=\"elementor-element elementor-element-1baa26e e-con-full e-flex e-con e-child\" data-id=\"1baa26e\" data-element_type=\"container\">\n\t\t\t\t<div class=\"elementor-element elementor-element-d78175d elementor-widget elementor-widget-shortcode\" data-id=\"d78175d\" data-element_type=\"widget\" data-widget_type=\"shortcode.default\">\n\t\t\t\t<div class=\"elementor-widget-container\">\n\t\t\t\t\t\t\t<div class=\"elementor-shortcode\">\n<div class=\"wpcf7 no-js\" id=\"wpcf7-f2023-o1\" lang=\"en\" dir=\"ltr\" data-wpcf7-id=\"2023\">\n<div class=\"screen-reader-response\"><p role=\"status\" aria-live=\"polite\" aria-atomic=\"true\"><\/p> <ul><\/ul><\/div>\n<form action=\"\/en\/wp-json\/wp\/v2\/pages\/2025#wpcf7-f2023-o1\" method=\"post\" class=\"wpcf7-form init\" aria-label=\"Contact form\" novalidate=\"novalidate\" data-status=\"init\" data-trp-original-action=\"\/en\/wp-json\/wp\/v2\/pages\/2025#wpcf7-f2023-o1\">\n<fieldset class=\"hidden-fields-container\"><input type=\"hidden\" name=\"_wpcf7\" value=\"2023\" \/><input type=\"hidden\" name=\"_wpcf7_version\" value=\"6.1.1\" \/><input type=\"hidden\" name=\"_wpcf7_locale\" value=\"en\" \/><input type=\"hidden\" name=\"_wpcf7_unit_tag\" value=\"wpcf7-f2023-o1\" \/><input type=\"hidden\" name=\"_wpcf7_container_post\" value=\"0\" \/><input type=\"hidden\" name=\"_wpcf7_posted_data_hash\" value=\"\" \/>\n<\/fieldset>\n<div class=\"container-fluid formContacto\">\n\t<div class=\"row\">\n\t\t<div class=\"col-12 col-lg-12 col-xl-8 nombre\">\n\t\t\t<p><span>Name:<\/span><br \/>\n<span class=\"wpcf7-form-control-wrap\" data-name=\"Nombre\"><input size=\"40\" maxlength=\"400\" class=\"wpcf7-form-control wpcf7-text wpcf7-validates-as-required\" aria-required=\"true\" aria-invalid=\"false\" value=\"\" type=\"text\" name=\"Nombre\" \/><\/span>\n\t\t\t<\/p>\n\t\t<\/div>\n\t\t<div class=\"col-12 servicio\">\n\t\t\t<p><span>Com\u00f3 calificar\u00edas la limpieza y comodidad de las instalaciones:<\/span><br \/>\n<span class=\"wpcf7-form-control-wrap\" data-name=\"limpieza\"><span class=\"wpcf7-form-control wpcf7-radio\"><span class=\"wpcf7-list-item first\"><label><input type=\"radio\" name=\"limpieza\" value=\"1\" \/><span class=\"wpcf7-list-item-label\">1<\/span><\/label><\/span><span class=\"wpcf7-list-item\"><label><input type=\"radio\" name=\"limpieza\" value=\"2\" \/><span class=\"wpcf7-list-item-label\">2<\/span><\/label><\/span><span class=\"wpcf7-list-item\"><label><input type=\"radio\" name=\"limpieza\" value=\"3\" \/><span class=\"wpcf7-list-item-label\">3<\/span><\/label><\/span><span class=\"wpcf7-list-item\"><label><input type=\"radio\" name=\"limpieza\" value=\"4\" \/><span class=\"wpcf7-list-item-label\">4<\/span><\/label><\/span><span class=\"wpcf7-list-item\"><label><input type=\"radio\" name=\"limpieza\" value=\"5\" \/><span class=\"wpcf7-list-item-label\">5<\/span><\/label><\/span><span class=\"wpcf7-list-item\"><label><input type=\"radio\" name=\"limpieza\" value=\"6\" \/><span class=\"wpcf7-list-item-label\">6<\/span><\/label><\/span><span class=\"wpcf7-list-item\"><label><input type=\"radio\" name=\"limpieza\" value=\"7\" \/><span class=\"wpcf7-list-item-label\">7<\/span><\/label><\/span><span class=\"wpcf7-list-item\"><label><input type=\"radio\" name=\"limpieza\" value=\"8\" \/><span class=\"wpcf7-list-item-label\">8<\/span><\/label><\/span><span class=\"wpcf7-list-item\"><label><input type=\"radio\" name=\"limpieza\" value=\"9\" \/><span class=\"wpcf7-list-item-label\">9<\/span><\/label><\/span><span class=\"wpcf7-list-item last\"><label><input type=\"radio\" name=\"limpieza\" value=\"10\" \/><span class=\"wpcf7-list-item-label\">10<\/span><\/label><\/span><\/span><\/span>\n\t\t\t<\/p>\n\t\t<\/div>\n\t\t<div class=\"col-12 servicio\">\n\t\t\t<p><span>C\u00f3mo fue el trato y amabilidad del personal?:<\/span><br \/>\n<span class=\"wpcf7-form-control-wrap\" data-name=\"trato\"><span class=\"wpcf7-form-control wpcf7-radio\"><span class=\"wpcf7-list-item first\"><label><input type=\"radio\" name=\"trato\" value=\"1\" \/><span class=\"wpcf7-list-item-label\">1<\/span><\/label><\/span><span class=\"wpcf7-list-item\"><label><input type=\"radio\" name=\"trato\" value=\"2\" \/><span class=\"wpcf7-list-item-label\">2<\/span><\/label><\/span><span class=\"wpcf7-list-item\"><label><input type=\"radio\" name=\"trato\" value=\"3\" \/><span class=\"wpcf7-list-item-label\">3<\/span><\/label><\/span><span class=\"wpcf7-list-item\"><label><input type=\"radio\" name=\"trato\" value=\"4\" \/><span class=\"wpcf7-list-item-label\">4<\/span><\/label><\/span><span class=\"wpcf7-list-item\"><label><input type=\"radio\" name=\"trato\" value=\"5\" \/><span class=\"wpcf7-list-item-label\">5<\/span><\/label><\/span><span class=\"wpcf7-list-item\"><label><input type=\"radio\" name=\"trato\" value=\"6\" \/><span class=\"wpcf7-list-item-label\">6<\/span><\/label><\/span><span class=\"wpcf7-list-item\"><label><input type=\"radio\" name=\"trato\" value=\"7\" \/><span class=\"wpcf7-list-item-label\">7<\/span><\/label><\/span><span class=\"wpcf7-list-item\"><label><input type=\"radio\" name=\"trato\" value=\"8\" \/><span class=\"wpcf7-list-item-label\">8<\/span><\/label><\/span><span class=\"wpcf7-list-item\"><label><input type=\"radio\" name=\"trato\" value=\"9\" \/><span class=\"wpcf7-list-item-label\">9<\/span><\/label><\/span><span class=\"wpcf7-list-item last\"><label><input type=\"radio\" name=\"trato\" value=\"10\" \/><span class=\"wpcf7-list-item-label\">10<\/span><\/label><\/span><\/span><\/span>\n\t\t\t<\/p>\n\t\t<\/div>\n\t\t<div class=\"col-12 servicio\">\n\t\t\t<p><span>C\u00f3mo eval\u00faas la calidad y profesionalismo en la atenci\u00f3n recibida?:<\/span><br \/>\n<span class=\"wpcf7-form-control-wrap\" data-name=\"calidad\"><span class=\"wpcf7-form-control wpcf7-radio\"><span class=\"wpcf7-list-item first\"><label><input type=\"radio\" name=\"calidad\" value=\"1\" \/><span class=\"wpcf7-list-item-label\">1<\/span><\/label><\/span><span class=\"wpcf7-list-item\"><label><input type=\"radio\" name=\"calidad\" value=\"2\" \/><span class=\"wpcf7-list-item-label\">2<\/span><\/label><\/span><span class=\"wpcf7-list-item\"><label><input type=\"radio\" name=\"calidad\" value=\"3\" \/><span class=\"wpcf7-list-item-label\">3<\/span><\/label><\/span><span class=\"wpcf7-list-item\"><label><input type=\"radio\" name=\"calidad\" value=\"4\" \/><span class=\"wpcf7-list-item-label\">4<\/span><\/label><\/span><span class=\"wpcf7-list-item\"><label><input type=\"radio\" name=\"calidad\" value=\"5\" \/><span class=\"wpcf7-list-item-label\">5<\/span><\/label><\/span><span class=\"wpcf7-list-item\"><label><input type=\"radio\" name=\"calidad\" value=\"6\" \/><span class=\"wpcf7-list-item-label\">6<\/span><\/label><\/span><span class=\"wpcf7-list-item\"><label><input type=\"radio\" name=\"calidad\" value=\"7\" \/><span class=\"wpcf7-list-item-label\">7<\/span><\/label><\/span><span class=\"wpcf7-list-item\"><label><input type=\"radio\" name=\"calidad\" value=\"8\" \/><span class=\"wpcf7-list-item-label\">8<\/span><\/label><\/span><span class=\"wpcf7-list-item\"><label><input type=\"radio\" name=\"calidad\" value=\"9\" \/><span class=\"wpcf7-list-item-label\">9<\/span><\/label><\/span><span class=\"wpcf7-list-item last\"><label><input type=\"radio\" name=\"calidad\" value=\"10\" \/><span class=\"wpcf7-list-item-label\">10<\/span><\/label><\/span><\/span><\/span>\n\t\t\t<\/p>\n\t\t<\/div>\n\t\t<div class=\"col-12 servicio\">\n\t\t\t<p><span>Durante tu estudio o an\u00e1lisis, \u00bfc\u00f3mo te sentiste?:<\/span><br \/>\n<span class=\"wpcf7-form-control-wrap\" data-name=\"experiencia\"><span class=\"wpcf7-form-control wpcf7-radio\"><span class=\"wpcf7-list-item first\"><label><input type=\"radio\" name=\"experiencia\" value=\"1\" \/><span class=\"wpcf7-list-item-label\">1<\/span><\/label><\/span><span class=\"wpcf7-list-item\"><label><input type=\"radio\" name=\"experiencia\" value=\"2\" \/><span class=\"wpcf7-list-item-label\">2<\/span><\/label><\/span><span class=\"wpcf7-list-item\"><label><input type=\"radio\" name=\"experiencia\" value=\"3\" \/><span class=\"wpcf7-list-item-label\">3<\/span><\/label><\/span><span class=\"wpcf7-list-item\"><label><input type=\"radio\" name=\"experiencia\" value=\"4\" \/><span class=\"wpcf7-list-item-label\">4<\/span><\/label><\/span><span class=\"wpcf7-list-item\"><label><input type=\"radio\" name=\"experiencia\" value=\"5\" \/><span class=\"wpcf7-list-item-label\">5<\/span><\/label><\/span><span class=\"wpcf7-list-item\"><label><input type=\"radio\" name=\"experiencia\" value=\"6\" \/><span class=\"wpcf7-list-item-label\">6<\/span><\/label><\/span><span class=\"wpcf7-list-item\"><label><input type=\"radio\" name=\"experiencia\" value=\"7\" \/><span class=\"wpcf7-list-item-label\">7<\/span><\/label><\/span><span class=\"wpcf7-list-item\"><label><input type=\"radio\" name=\"experiencia\" value=\"8\" \/><span class=\"wpcf7-list-item-label\">8<\/span><\/label><\/span><span class=\"wpcf7-list-item\"><label><input type=\"radio\" name=\"experiencia\" value=\"9\" \/><span class=\"wpcf7-list-item-label\">9<\/span><\/label><\/span><span class=\"wpcf7-list-item last\"><label><input type=\"radio\" name=\"experiencia\" value=\"10\" \/><span class=\"wpcf7-list-item-label\">10<\/span><\/label><\/span><\/span><\/span>\n\t\t\t<\/p>\n\t\t<\/div>\n\t\t<div class=\"col-12 servicio\">\n\t\t\t<p><span>\u00bfRecomendar\u00edas The Lab a familiares o amigos?:<\/span><br \/>\n<span class=\"wpcf7-form-control-wrap\" data-name=\"recomendacion\"><span class=\"wpcf7-form-control wpcf7-radio\"><span class=\"wpcf7-list-item first\"><label><input type=\"radio\" name=\"recomendacion\" value=\"1\" \/><span class=\"wpcf7-list-item-label\">1<\/span><\/label><\/span><span class=\"wpcf7-list-item\"><label><input type=\"radio\" name=\"recomendacion\" value=\"2\" \/><span class=\"wpcf7-list-item-label\">2<\/span><\/label><\/span><span class=\"wpcf7-list-item\"><label><input type=\"radio\" name=\"recomendacion\" value=\"3\" \/><span class=\"wpcf7-list-item-label\">3<\/span><\/label><\/span><span class=\"wpcf7-list-item\"><label><input type=\"radio\" name=\"recomendacion\" value=\"4\" \/><span class=\"wpcf7-list-item-label\">4<\/span><\/label><\/span><span class=\"wpcf7-list-item\"><label><input type=\"radio\" name=\"recomendacion\" value=\"5\" \/><span class=\"wpcf7-list-item-label\">5<\/span><\/label><\/span><span class=\"wpcf7-list-item\"><label><input type=\"radio\" name=\"recomendacion\" value=\"6\" \/><span class=\"wpcf7-list-item-label\">6<\/span><\/label><\/span><span class=\"wpcf7-list-item\"><label><input type=\"radio\" name=\"recomendacion\" value=\"7\" \/><span class=\"wpcf7-list-item-label\">7<\/span><\/label><\/span><span class=\"wpcf7-list-item\"><label><input type=\"radio\" name=\"recomendacion\" value=\"8\" \/><span class=\"wpcf7-list-item-label\">8<\/span><\/label><\/span><span class=\"wpcf7-list-item\"><label><input type=\"radio\" name=\"recomendacion\" value=\"9\" \/><span class=\"wpcf7-list-item-label\">9<\/span><\/label><\/span><span class=\"wpcf7-list-item last\"><label><input type=\"radio\" name=\"recomendacion\" value=\"10\" \/><span class=\"wpcf7-list-item-label\">10<\/span><\/label><\/span><\/span><\/span>\n\t\t\t<\/p>\n\t\t<\/div>\n\t\t<div class=\"col-12 mensaje\">\n\t\t\t<p><span>Complete with a message, we will contact you immediately:<\/span><br \/>\n<span class=\"wpcf7-form-control-wrap\" data-name=\"comentario\"><textarea cols=\"40\" rows=\"4\" maxlength=\"2000\" class=\"wpcf7-form-control wpcf7-textarea wpcf7-validates-as-required\" aria-required=\"true\" aria-invalid=\"false\" name=\"comentario\"><\/textarea><\/span>\n\t\t\t<\/p>\n\t\t<\/div>\n\t\t<p><input class=\"wpcf7-form-control wpcf7-submit has-spinner\" type=\"submit\" value=\"send\" \/>\n\t\t<\/p>\n\t<\/div>\n<\/div><div class=\"wpcf7-response-output\" aria-hidden=\"true\"><\/div>\n<input type=\"hidden\" name=\"trp-form-language\" value=\"en\"\/><\/form>\n<\/div>\n<\/div>\n\t\t\t\t\t\t<\/div>\n\t\t\t\t<\/div>\n\t\t\t\t<\/div>\n\t\t<div class=\"elementor-element elementor-element-1828494 e-con-full e-flex e-con e-child\" data-id=\"1828494\" data-element_type=\"container\">\n\t\t\t\t<div class=\"elementor-element elementor-element-76724da elementor-widget elementor-widget-heading\" data-id=\"76724da\" data-element_type=\"widget\" data-widget_type=\"heading.default\">\n\t\t\t\t<div class=\"elementor-widget-container\">\n\t\t\t\t\t<h2 class=\"elementor-heading-title elementor-size-default\">No interesa saber c\u00f3mo fue tu estad\u00eda con nosotros.<\/h2>\t\t\t\t<\/div>\n\t\t\t\t<\/div>\n\t\t\t\t<div class=\"elementor-element elementor-element-c2eadc9 elementor-widget elementor-widget-heading\" data-id=\"c2eadc9\" data-element_type=\"widget\" data-widget_type=\"heading.default\">\n\t\t\t\t<div class=\"elementor-widget-container\">\n\t\t\t\t\t<h2 class=\"elementor-heading-title elementor-size-default\">Calificamos desde 1 menos satisfactoria a 10 muy satisfactorio.<\/h2>\t\t\t\t<\/div>\n\t\t\t\t<\/div>\n\t\t\t\t<\/div>\n\t\t\t\t<\/div>\n\t\t\t\t\t<\/div>\n\t\t\t\t<\/div>\n\t\t\t\t<\/div>","protected":false},"excerpt":{"rendered":"<p>No interesa saber c\u00f3mo fue tu estad\u00eda con nosotros. Calificamos desde 1 menos satisfactoria a 10 muy satisfactorio.<\/p>","protected":false},"author":1,"featured_media":0,"parent":0,"menu_order":0,"comment_status":"closed","ping_status":"closed","template":"","meta":{"footnotes":""},"class_list":["post-2025","page","type-page","status-publish","hentry"],"yoast_head":"<!-- This site is optimized with the Yoast SEO plugin v25.8 - https:\/\/yoast.com\/wordpress\/plugins\/seo\/ -->\n<title>Encuesta - The Lab<\/title>\n<meta name=\"robots\" content=\"index, follow, max-snippet:-1, max-image-preview:large, max-video-preview:-1\" \/>\n<link rel=\"canonical\" href=\"https:\/\/www.thelab.com.mx\/en\/encuesta\/\" \/>\n<meta property=\"og:locale\" content=\"en_US\" \/>\n<meta property=\"og:type\" content=\"article\" \/>\n<meta property=\"og:title\" content=\"Encuesta - The Lab\" \/>\n<meta property=\"og:description\" content=\"No interesa saber c\u00f3mo fue tu estad\u00eda con nosotros. Calificamos desde 1 menos satisfactoria a 10 muy satisfactorio.\" \/>\n<meta property=\"og:url\" content=\"https:\/\/www.thelab.com.mx\/en\/encuesta\/\" \/>\n<meta property=\"og:site_name\" content=\"The Lab\" \/>\n<meta property=\"article:publisher\" content=\"https:\/\/www.facebook.com\/people\/The-Lab\/100076796915908\/\" \/>\n<meta property=\"article:modified_time\" content=\"2025-09-03T17:33:26+00:00\" \/>\n<meta name=\"twitter:card\" content=\"summary_large_image\" \/>\n<meta name=\"twitter:label1\" content=\"Est. reading time\" \/>\n\t<meta name=\"twitter:data1\" content=\"1 minute\" \/>\n<script type=\"application\/ld+json\" class=\"yoast-schema-graph\">{\"@context\":\"https:\/\/schema.org\",\"@graph\":[{\"@type\":\"WebPage\",\"@id\":\"https:\/\/www.thelab.com.mx\/en\/encuesta\/\",\"url\":\"https:\/\/www.thelab.com.mx\/en\/encuesta\/\",\"name\":\"Encuesta - The Lab\",\"isPartOf\":{\"@id\":\"http:\/\/www.thelab.com.mx\/#website\"},\"datePublished\":\"2025-08-20T20:05:15+00:00\",\"dateModified\":\"2025-09-03T17:33:26+00:00\",\"breadcrumb\":{\"@id\":\"https:\/\/www.thelab.com.mx\/en\/encuesta\/#breadcrumb\"},\"inLanguage\":\"en-US\",\"potentialAction\":[{\"@type\":\"ReadAction\",\"target\":[\"https:\/\/www.thelab.com.mx\/en\/encuesta\/\"]}]},{\"@type\":\"BreadcrumbList\",\"@id\":\"https:\/\/www.thelab.com.mx\/en\/encuesta\/#breadcrumb\",\"itemListElement\":[{\"@type\":\"ListItem\",\"position\":1,\"name\":\"Home\",\"item\":\"http:\/\/www.thelab.com.mx\/\"},{\"@type\":\"ListItem\",\"position\":2,\"name\":\"Encuesta\"}]},{\"@type\":\"WebSite\",\"@id\":\"http:\/\/www.thelab.com.mx\/#website\",\"url\":\"http:\/\/www.thelab.com.mx\/\",\"name\":\"The Lab\",\"description\":\"The Lab\",\"publisher\":{\"@id\":\"http:\/\/www.thelab.com.mx\/#organization\"},\"alternateName\":\"Laboratorio - The Lab\",\"potentialAction\":[{\"@type\":\"SearchAction\",\"target\":{\"@type\":\"EntryPoint\",\"urlTemplate\":\"http:\/\/www.thelab.com.mx\/?s={search_term_string}\"},\"query-input\":{\"@type\":\"PropertyValueSpecification\",\"valueRequired\":true,\"valueName\":\"search_term_string\"}}],\"inLanguage\":\"en-US\"},{\"@type\":\"Organization\",\"@id\":\"http:\/\/www.thelab.com.mx\/#organization\",\"name\":\"Laboratorio - The Lab\",\"alternateName\":\"Laboratorio - The Lab\",\"url\":\"http:\/\/www.thelab.com.mx\/\",\"logo\":{\"@type\":\"ImageObject\",\"inLanguage\":\"en-US\",\"@id\":\"http:\/\/www.thelab.com.mx\/#\/schema\/logo\/image\/\",\"url\":\"https:\/\/www.thelab.com.mx\/wp-content\/uploads\/the_lab-ogp.jpg\",\"contentUrl\":\"https:\/\/www.thelab.com.mx\/wp-content\/uploads\/the_lab-ogp.jpg\",\"width\":1200,\"height\":1200,\"caption\":\"Laboratorio - The Lab\"},\"image\":{\"@id\":\"http:\/\/www.thelab.com.mx\/#\/schema\/logo\/image\/\"},\"sameAs\":[\"https:\/\/www.facebook.com\/people\/The-Lab\/100076796915908\/\",\"https:\/\/www.instagram.com\/thelab_qroo\/\"]}]}<\/script>\n<!-- \/ Yoast SEO plugin. -->","yoast_head_json":{"title":"Encuesta - The Lab","robots":{"index":"index","follow":"follow","max-snippet":"max-snippet:-1","max-image-preview":"max-image-preview:large","max-video-preview":"max-video-preview:-1"},"canonical":"https:\/\/www.thelab.com.mx\/en\/encuesta\/","og_locale":"en_US","og_type":"article","og_title":"Encuesta - The Lab","og_description":"No interesa saber c\u00f3mo fue tu estad\u00eda con nosotros. Calificamos desde 1 menos satisfactoria a 10 muy satisfactorio.","og_url":"https:\/\/www.thelab.com.mx\/en\/encuesta\/","og_site_name":"The Lab","article_publisher":"https:\/\/www.facebook.com\/people\/The-Lab\/100076796915908\/","article_modified_time":"2025-09-03T17:33:26+00:00","twitter_card":"summary_large_image","twitter_misc":{"Est. reading time":"1 minute"},"schema":{"@context":"https:\/\/schema.org","@graph":[{"@type":"WebPage","@id":"https:\/\/www.thelab.com.mx\/en\/encuesta\/","url":"https:\/\/www.thelab.com.mx\/en\/encuesta\/","name":"Encuesta - The Lab","isPartOf":{"@id":"http:\/\/www.thelab.com.mx\/#website"},"datePublished":"2025-08-20T20:05:15+00:00","dateModified":"2025-09-03T17:33:26+00:00","breadcrumb":{"@id":"https:\/\/www.thelab.com.mx\/en\/encuesta\/#breadcrumb"},"inLanguage":"en-US","potentialAction":[{"@type":"ReadAction","target":["https:\/\/www.thelab.com.mx\/en\/encuesta\/"]}]},{"@type":"BreadcrumbList","@id":"https:\/\/www.thelab.com.mx\/en\/encuesta\/#breadcrumb","itemListElement":[{"@type":"ListItem","position":1,"name":"Home","item":"http:\/\/www.thelab.com.mx\/"},{"@type":"ListItem","position":2,"name":"Encuesta"}]},{"@type":"WebSite","@id":"http:\/\/www.thelab.com.mx\/#website","url":"http:\/\/www.thelab.com.mx\/","name":"The Lab","description":"The Lab","publisher":{"@id":"http:\/\/www.thelab.com.mx\/#organization"},"alternateName":"Laboratorio - The Lab","potentialAction":[{"@type":"SearchAction","target":{"@type":"EntryPoint","urlTemplate":"http:\/\/www.thelab.com.mx\/?s={search_term_string}"},"query-input":{"@type":"PropertyValueSpecification","valueRequired":true,"valueName":"search_term_string"}}],"inLanguage":"en-US"},{"@type":"Organization","@id":"http:\/\/www.thelab.com.mx\/#organization","name":"Laboratorio - The Lab","alternateName":"Laboratorio - The Lab","url":"http:\/\/www.thelab.com.mx\/","logo":{"@type":"ImageObject","inLanguage":"en-US","@id":"http:\/\/www.thelab.com.mx\/#\/schema\/logo\/image\/","url":"https:\/\/www.thelab.com.mx\/wp-content\/uploads\/the_lab-ogp.jpg","contentUrl":"https:\/\/www.thelab.com.mx\/wp-content\/uploads\/the_lab-ogp.jpg","width":1200,"height":1200,"caption":"Laboratorio - The Lab"},"image":{"@id":"http:\/\/www.thelab.com.mx\/#\/schema\/logo\/image\/"},"sameAs":["https:\/\/www.facebook.com\/people\/The-Lab\/100076796915908\/","https:\/\/www.instagram.com\/thelab_qroo\/"]}]}},"_links":{"self":[{"href":"https:\/\/www.thelab.com.mx\/en\/wp-json\/wp\/v2\/pages\/2025","targetHints":{"allow":["GET"]}}],"collection":[{"href":"https:\/\/www.thelab.com.mx\/en\/wp-json\/wp\/v2\/pages"}],"about":[{"href":"https:\/\/www.thelab.com.mx\/en\/wp-json\/wp\/v2\/types\/page"}],"author":[{"embeddable":true,"href":"https:\/\/www.thelab.com.mx\/en\/wp-json\/wp\/v2\/users\/1"}],"replies":[{"embeddable":true,"href":"https:\/\/www.thelab.com.mx\/en\/wp-json\/wp\/v2\/comments?post=2025"}],"version-history":[{"count":40,"href":"https:\/\/www.thelab.com.mx\/en\/wp-json\/wp\/v2\/pages\/2025\/revisions"}],"predecessor-version":[{"id":2077,"href":"https:\/\/www.thelab.com.mx\/en\/wp-json\/wp\/v2\/pages\/2025\/revisions\/2077"}],"wp:attachment":[{"href":"https:\/\/www.thelab.com.mx\/en\/wp-json\/wp\/v2\/media?parent=2025"}],"curies":[{"name":"wp","href":"https:\/\/api.w.org\/{rel}","templated":true}]}}