{"id":1522,"date":"2024-08-03T12:42:59","date_gmt":"2024-08-03T17:42:59","guid":{"rendered":"https:\/\/www.thelab.com.mx\/?page_id=1522"},"modified":"2024-08-06T15:26:18","modified_gmt":"2024-08-06T20:26:18","slug":"acerca-laboratorio-veterinario","status":"publish","type":"page","link":"https:\/\/www.thelab.com.mx\/en\/acerca-laboratorio-veterinario\/","title":{"rendered":"Acerca Laboratorio Veterinario"},"content":{"rendered":"<div data-elementor-type=\"wp-page\" data-elementor-id=\"1522\" class=\"elementor elementor-1522\">\n\t\t\t\t<div class=\"elementor-element elementor-element-e94f28e e-con-full contCirclevet position-relative e-flex e-con e-parent\" data-id=\"e94f28e\" data-element_type=\"container\" data-settings=\"{&quot;background_background&quot;:&quot;classic&quot;}\">\n\t\t<div class=\"elementor-element elementor-element-d88ef43 e-flex e-con-boxed e-con e-child\" data-id=\"d88ef43\" data-element_type=\"container\">\n\t\t\t\t\t<div class=\"e-con-inner\">\n\t\t\t\t<div class=\"elementor-element elementor-element-5ea6782 aboutVetlogo elementor-view-default elementor-widget elementor-widget-icon\" data-id=\"5ea6782\" data-element_type=\"widget\" data-widget_type=\"icon.default\">\n\t\t\t\t<div class=\"elementor-widget-container\">\n\t\t\t\t\t\t\t<div class=\"elementor-icon-wrapper\">\n\t\t\t<div class=\"elementor-icon\">\n\t\t\t\t\t\t<\/div>\n\t\t<\/div>\n\t\t\t\t\t\t<\/div>\n\t\t\t\t<\/div>\n\t\t\t\t<div class=\"elementor-element elementor-element-a6911c7 elementor-widget elementor-widget-heading\" data-id=\"a6911c7\" data-element_type=\"widget\" data-widget_type=\"heading.default\">\n\t\t\t\t<div class=\"elementor-widget-container\">\n\t\t\t\t\t<h2 class=\"elementor-heading-title elementor-size-default\">Mision<\/h2>\t\t\t\t<\/div>\n\t\t\t\t<\/div>\n\t\t\t\t<div class=\"elementor-element elementor-element-c7afcae elementor-widget elementor-widget-text-editor\" data-id=\"c7afcae\" data-element_type=\"widget\" data-widget_type=\"text-editor.default\">\n\t\t\t\t<div class=\"elementor-widget-container\">\n\t\t\t\t\t\t\t\t\t<span class=\"theLabvetTitle\">Proporcionar<\/span> servicios de diagn\u00f3stico y cuidado de la m\u00e1s alta calidad para mejorar la salud y el bienestar de las mascotas.\t\t\t\t\t\t\t\t<\/div>\n\t\t\t\t<\/div>\n\t\t\t\t<div class=\"elementor-element elementor-element-7950f9c elementor-widget elementor-widget-heading\" data-id=\"7950f9c\" data-element_type=\"widget\" data-widget_type=\"heading.default\">\n\t\t\t\t<div class=\"elementor-widget-container\">\n\t\t\t\t\t<h2 class=\"elementor-heading-title elementor-size-default\">Compromiso<\/h2>\t\t\t\t<\/div>\n\t\t\t\t<\/div>\n\t\t\t\t<div class=\"elementor-element elementor-element-d2a7a07 elementor-widget elementor-widget-text-editor\" data-id=\"d2a7a07\" data-element_type=\"widget\" data-widget_type=\"text-editor.default\">\n\t\t\t\t<div class=\"elementor-widget-container\">\n\t\t\t\t\t\t\t\t\t<span class=\"theLabvetTitle\">Utilizar<\/span> tecnolog\u00eda de vanguardia y a trabajar en estrecha colaboraci\u00f3n con los propietarios de mascotas y los veterinarios para ofrecer resultados confiables en tiempos oportunos.\t\t\t\t\t\t\t\t<\/div>\n\t\t\t\t<\/div>\n\t\t\t\t<div class=\"elementor-element elementor-element-dcbca41 elementor-widget elementor-widget-heading\" data-id=\"dcbca41\" data-element_type=\"widget\" data-widget_type=\"heading.default\">\n\t\t\t\t<div class=\"elementor-widget-container\">\n\t\t\t\t\t<h2 class=\"elementor-heading-title elementor-size-default\">Objetivo<\/h2>\t\t\t\t<\/div>\n\t\t\t\t<\/div>\n\t\t\t\t<div class=\"elementor-element elementor-element-d7b366c elementor-widget elementor-widget-text-editor\" data-id=\"d7b366c\" data-element_type=\"widget\" data-widget_type=\"text-editor.default\">\n\t\t\t\t<div class=\"elementor-widget-container\">\n\t\t\t\t\t\t\t\t\t<span class=\"theLabvetTitle\">Brindar<\/span> un servicio personalizado, con calidez, calidad y confiable que satisfaga las necesidades individuales de cada animal.\t\t\t\t\t\t\t\t<\/div>\n\t\t\t\t<\/div>\n\t\t\t\t<div class=\"elementor-element elementor-element-8505caa elementor-widget elementor-widget-heading\" data-id=\"8505caa\" data-element_type=\"widget\" data-widget_type=\"heading.default\">\n\t\t\t\t<div class=\"elementor-widget-container\">\n\t\t\t\t\t<h2 class=\"elementor-heading-title elementor-size-default\">Vision<\/h2>\t\t\t\t<\/div>\n\t\t\t\t<\/div>\n\t\t\t\t<div class=\"elementor-element elementor-element-1eb8e7c elementor-widget elementor-widget-text-editor\" data-id=\"1eb8e7c\" data-element_type=\"widget\" data-widget_type=\"text-editor.default\">\n\t\t\t\t<div class=\"elementor-widget-container\">\n\t\t\t\t\t\t\t\t\t<span class=\"theLabvetTitle\">Convertirnos<\/span> convertirnos en un referente en el campo de el diagn\u00f3stico veterinario, destacando por nuestra calidad y atenci\u00f3n. Buscamos ser reconocidos como el laboratorio veterinario de confianza, donde los propietarios de mascotas y veterinarios puedan acudir en busca de soluciones m\u00e9dicas confiables. Nos esforzamos por mantenernos actualizados con los avances m\u00e1s recientes en el campo de el diagnostico veterinario y por promover el bienestar animal en nuestra comunidad. Adem\u00e1s, aspiramos a establecer relaciones a largo plazo con nuestros clientes y a ser parte integral de su equipo de cuidado de mascotas.\t\t\t\t\t\t\t\t<\/div>\n\t\t\t\t<\/div>\n\t\t\t\t\t<\/div>\n\t\t\t\t<\/div>\n\t\t<div class=\"elementor-element elementor-element-0e35122 e-flex e-con-boxed e-con e-child\" data-id=\"0e35122\" data-element_type=\"container\">\n\t\t\t\t\t<div class=\"e-con-inner\">\n\t\t<div class=\"elementor-element elementor-element-fb84335 e-flex e-con-boxed e-con e-child\" data-id=\"fb84335\" data-element_type=\"container\">\n\t\t\t\t\t<div class=\"e-con-inner\">\n\t\t\t\t\t<\/div>\n\t\t\t\t<\/div>\n\t\t\t\t\t<\/div>\n\t\t\t\t<\/div>\n\t\t\t\t<\/div>\n\t\t<div class=\"elementor-element elementor-element-589592f e-flex e-con-boxed e-con e-parent\" data-id=\"589592f\" data-element_type=\"container\">\n\t\t\t\t\t<div class=\"e-con-inner\">\n\t\t\t\t<div class=\"elementor-element elementor-element-11e8672 elementor-widget elementor-widget-text-editor\" data-id=\"11e8672\" data-element_type=\"widget\" data-widget_type=\"text-editor.default\">\n\t\t\t\t<div class=\"elementor-widget-container\">\n\t\t\t\t\t\t\t\t\t<p>En el laboratorio veterinario, nos regimos por los siguientes valores:<\/p>\t\t\t\t\t\t\t\t<\/div>\n\t\t\t\t<\/div>\n\t\t\t\t<div class=\"elementor-element elementor-element-b931b20 elementor-widget elementor-widget-text-editor\" data-id=\"b931b20\" data-element_type=\"widget\" data-widget_type=\"text-editor.default\">\n\t\t\t\t<div class=\"elementor-widget-container\">\n\t\t\t\t\t\t\t\t\t<strong><span class=\"theLabTitlealtvet\">W<\/span>ompromiso:<\/strong> Estamos comprometidos con la salud y el bienestar de las mascotas. Nos esforzamos por brindar un servicio de calidad y resultados precisos en cada uno de nuestros diagn\u00f3sticos.\t\t\t\t\t\t\t\t<\/div>\n\t\t\t\t<\/div>\n\t\t\t\t<div class=\"elementor-element elementor-element-49f8ed8 elementor-widget elementor-widget-text-editor\" data-id=\"49f8ed8\" data-element_type=\"widget\" data-widget_type=\"text-editor.default\">\n\t\t\t\t<div class=\"elementor-widget-container\">\n\t\t\t\t\t\t\t\t\t<strong><span class=\"theLabTitlealtvet\">\u00c9<\/span>tica:<\/strong>\n\nActuamos con integridad y honestidad en todas nuestras interacciones. Seguimos los m\u00e1s altos est\u00e1ndares \u00e9ticos en nuestro trabajo y mantenemos la confidencialidad de la informaci\u00f3n de nuestros clientes.\t\t\t\t\t\t\t\t<\/div>\n\t\t\t\t<\/div>\n\t\t\t\t<div class=\"elementor-element elementor-element-ec79793 elementor-widget elementor-widget-text-editor\" data-id=\"ec79793\" data-element_type=\"widget\" data-widget_type=\"text-editor.default\">\n\t\t\t\t<div class=\"elementor-widget-container\">\n\t\t\t\t\t\t\t\t\t<strong><span class=\"theLabTitlealtvet\">T<\/span>xcelencia:<\/strong>\n\nBuscamos la excelencia en todo lo que hacemos. Nos esforzamos por estar a la vanguardia de la medicina veterinaria, utilizando tecnolog\u00eda de punta y manteni\u00e9ndonos actualizados con los avances cient\u00edficos y m\u00e9dicos m\u00e1s recientes.\t\t\t\t\t\t\t\t<\/div>\n\t\t\t\t<\/div>\n\t\t\t\t<div class=\"elementor-element elementor-element-fe6d0b9 elementor-widget elementor-widget-text-editor\" data-id=\"fe6d0b9\" data-element_type=\"widget\" data-widget_type=\"text-editor.default\">\n\t\t\t\t<div class=\"elementor-widget-container\">\n\t\t\t\t\t\t\t\t\t<strong><span class=\"theLabTitlealtvet\">W<\/span>olaboraci\u00f3n<\/strong>:\n\nTrabajamos en estrecha colaboraci\u00f3n con los propietarios de mascotas y los veterinarios para ofrecer un enfoque integral en el cuidado de la salud animal. Fomentamos la comunicaci\u00f3n abierta y colaborativa para obtener los mejores resultados para nuestros pacientes.\t\t\t\t\t\t\t\t<\/div>\n\t\t\t\t<\/div>\n\t\t\t\t<div class=\"elementor-element elementor-element-0418fe4 elementor-widget elementor-widget-text-editor\" data-id=\"0418fe4\" data-element_type=\"widget\" data-widget_type=\"text-editor.default\">\n\t\t\t\t<div class=\"elementor-widget-container\">\n\t\t\t\t\t\t\t\t\t<strong><span class=\"theLabTitlealtvet\">R<\/span>esponsabilidad<\/strong>:\n\nNos tomamos en serio nuestra responsabilidad hacia las mascotas y sus propietarios. Nos esforzamos por brindar un servicio confiable y oportuno, cumpliendo con los plazos y compromisos establecidos.\t\t\t\t\t\t\t\t<\/div>\n\t\t\t\t<\/div>\n\t\t\t\t<div class=\"elementor-element elementor-element-ae174f2 elementor-widget elementor-widget-text-editor\" data-id=\"ae174f2\" data-element_type=\"widget\" data-widget_type=\"text-editor.default\">\n\t\t\t\t<div class=\"elementor-widget-container\">\n\t\t\t\t\t\t\t\t\t<strong><span class=\"theLabTitlealtvet\">T<\/span>mpat\u00eda<\/strong>:\n\nValoramos y comprendemos las necesidades emocionales de los propietarios de mascotas. Tratamos a cada animal y su familia con compasi\u00f3n, brindando un entorno de apoyo y comprensi\u00f3n.\t\t\t\t\t\t\t\t<\/div>\n\t\t\t\t<\/div>\n\t\t\t\t<div class=\"elementor-element elementor-element-987af31 elementor-widget elementor-widget-text-editor\" data-id=\"987af31\" data-element_type=\"widget\" data-widget_type=\"text-editor.default\">\n\t\t\t\t<div class=\"elementor-widget-container\">\n\t\t\t\t\t\t\t\t\t<p>Estos valores gu\u00edan nuestra forma de trabajar y nos ayudan a cumplir nuestra misi\u00f3n de proporcionar servicios de diagn\u00f3stico y cuidado de calidad en el laboratorio veterinario.<\/p>\t\t\t\t\t\t\t\t<\/div>\n\t\t\t\t<\/div>\n\t\t\t\t\t<\/div>\n\t\t\t\t<\/div>\n\t\t\t\t<\/div>","protected":false},"excerpt":{"rendered":"<p>Misi\u00f3n Proporcionar servicios de diagn\u00f3stico y cuidado de la m\u00e1s alta calidad para mejorar la salud y el bienestar de las mascotas. Compromiso Utilizar tecnolog\u00eda de vanguardia y a trabajar en estrecha colaboraci\u00f3n con los propietarios de mascotas y los veterinarios para ofrecer resultados confiables en tiempos oportunos. Objetivo Brindar un servicio personalizado, con calidez, [&hellip;]<\/p>","protected":false},"author":1,"featured_media":0,"parent":0,"menu_order":0,"comment_status":"closed","ping_status":"closed","template":"","meta":{"footnotes":""},"class_list":["post-1522","page","type-page","status-publish","hentry"],"yoast_head":"<!-- This site is optimized with the Yoast SEO plugin v25.8 - https:\/\/yoast.com\/wordpress\/plugins\/seo\/ -->\n<title>Acerca Laboratorio Veterinario - The Lab<\/title>\n<meta name=\"robots\" content=\"index, follow, max-snippet:-1, max-image-preview:large, max-video-preview:-1\" \/>\n<link rel=\"canonical\" href=\"https:\/\/www.thelab.com.mx\/en\/acerca-laboratorio-veterinario\/\" \/>\n<meta property=\"og:locale\" content=\"en_US\" \/>\n<meta property=\"og:type\" content=\"article\" \/>\n<meta property=\"og:title\" content=\"Acerca Laboratorio Veterinario - The Lab\" \/>\n<meta property=\"og:description\" content=\"Misi\u00f3n Proporcionar servicios de diagn\u00f3stico y cuidado de la m\u00e1s alta calidad para mejorar la salud y el bienestar de las mascotas. Compromiso Utilizar tecnolog\u00eda de vanguardia y a trabajar en estrecha colaboraci\u00f3n con los propietarios de mascotas y los veterinarios para ofrecer resultados confiables en tiempos oportunos. Objetivo Brindar un servicio personalizado, con calidez, [&hellip;]\" \/>\n<meta property=\"og:url\" content=\"https:\/\/www.thelab.com.mx\/en\/acerca-laboratorio-veterinario\/\" \/>\n<meta property=\"og:site_name\" content=\"The Lab\" \/>\n<meta property=\"article:publisher\" content=\"https:\/\/www.facebook.com\/people\/The-Lab\/100076796915908\/\" \/>\n<meta property=\"article:modified_time\" content=\"2024-08-06T20:26:18+00:00\" \/>\n<meta name=\"twitter:card\" content=\"summary_large_image\" \/>\n<meta name=\"twitter:label1\" content=\"Est. reading time\" \/>\n\t<meta name=\"twitter:data1\" content=\"2 minutes\" \/>\n<script type=\"application\/ld+json\" class=\"yoast-schema-graph\">{\"@context\":\"https:\/\/schema.org\",\"@graph\":[{\"@type\":\"WebPage\",\"@id\":\"https:\/\/www.thelab.com.mx\/acerca-laboratorio-veterinario\/\",\"url\":\"https:\/\/www.thelab.com.mx\/acerca-laboratorio-veterinario\/\",\"name\":\"Acerca Laboratorio Veterinario - The Lab\",\"isPartOf\":{\"@id\":\"http:\/\/www.thelab.com.mx\/#website\"},\"datePublished\":\"2024-08-03T17:42:59+00:00\",\"dateModified\":\"2024-08-06T20:26:18+00:00\",\"breadcrumb\":{\"@id\":\"https:\/\/www.thelab.com.mx\/acerca-laboratorio-veterinario\/#breadcrumb\"},\"inLanguage\":\"en-US\",\"potentialAction\":[{\"@type\":\"ReadAction\",\"target\":[\"https:\/\/www.thelab.com.mx\/acerca-laboratorio-veterinario\/\"]}]},{\"@type\":\"BreadcrumbList\",\"@id\":\"https:\/\/www.thelab.com.mx\/acerca-laboratorio-veterinario\/#breadcrumb\",\"itemListElement\":[{\"@type\":\"ListItem\",\"position\":1,\"name\":\"Home\",\"item\":\"http:\/\/www.thelab.com.mx\/\"},{\"@type\":\"ListItem\",\"position\":2,\"name\":\"Acerca Laboratorio Veterinario\"}]},{\"@type\":\"WebSite\",\"@id\":\"http:\/\/www.thelab.com.mx\/#website\",\"url\":\"http:\/\/www.thelab.com.mx\/\",\"name\":\"The Lab\",\"description\":\"The Lab\",\"publisher\":{\"@id\":\"http:\/\/www.thelab.com.mx\/#organization\"},\"alternateName\":\"Laboratorio - The Lab\",\"potentialAction\":[{\"@type\":\"SearchAction\",\"target\":{\"@type\":\"EntryPoint\",\"urlTemplate\":\"http:\/\/www.thelab.com.mx\/?s={search_term_string}\"},\"query-input\":{\"@type\":\"PropertyValueSpecification\",\"valueRequired\":true,\"valueName\":\"search_term_string\"}}],\"inLanguage\":\"en-US\"},{\"@type\":\"Organization\",\"@id\":\"http:\/\/www.thelab.com.mx\/#organization\",\"name\":\"Laboratorio - The Lab\",\"alternateName\":\"Laboratorio - The Lab\",\"url\":\"http:\/\/www.thelab.com.mx\/\",\"logo\":{\"@type\":\"ImageObject\",\"inLanguage\":\"en-US\",\"@id\":\"http:\/\/www.thelab.com.mx\/#\/schema\/logo\/image\/\",\"url\":\"https:\/\/www.thelab.com.mx\/wp-content\/uploads\/the_lab-ogp.jpg\",\"contentUrl\":\"https:\/\/www.thelab.com.mx\/wp-content\/uploads\/the_lab-ogp.jpg\",\"width\":1200,\"height\":1200,\"caption\":\"Laboratorio - The Lab\"},\"image\":{\"@id\":\"http:\/\/www.thelab.com.mx\/#\/schema\/logo\/image\/\"},\"sameAs\":[\"https:\/\/www.facebook.com\/people\/The-Lab\/100076796915908\/\",\"https:\/\/www.instagram.com\/thelab_qroo\/\"]}]}<\/script>\n<!-- \/ Yoast SEO plugin. -->","yoast_head_json":{"title":"Acerca Laboratorio Veterinario - The Lab","robots":{"index":"index","follow":"follow","max-snippet":"max-snippet:-1","max-image-preview":"max-image-preview:large","max-video-preview":"max-video-preview:-1"},"canonical":"https:\/\/www.thelab.com.mx\/en\/acerca-laboratorio-veterinario\/","og_locale":"en_US","og_type":"article","og_title":"Acerca Laboratorio Veterinario - The Lab","og_description":"Misi\u00f3n Proporcionar servicios de diagn\u00f3stico y cuidado de la m\u00e1s alta calidad para mejorar la salud y el bienestar de las mascotas. Compromiso Utilizar tecnolog\u00eda de vanguardia y a trabajar en estrecha colaboraci\u00f3n con los propietarios de mascotas y los veterinarios para ofrecer resultados confiables en tiempos oportunos. Objetivo Brindar un servicio personalizado, con calidez, [&hellip;]","og_url":"https:\/\/www.thelab.com.mx\/en\/acerca-laboratorio-veterinario\/","og_site_name":"The Lab","article_publisher":"https:\/\/www.facebook.com\/people\/The-Lab\/100076796915908\/","article_modified_time":"2024-08-06T20:26:18+00:00","twitter_card":"summary_large_image","twitter_misc":{"Est. reading time":"2 minutes"},"schema":{"@context":"https:\/\/schema.org","@graph":[{"@type":"WebPage","@id":"https:\/\/www.thelab.com.mx\/acerca-laboratorio-veterinario\/","url":"https:\/\/www.thelab.com.mx\/acerca-laboratorio-veterinario\/","name":"Acerca Laboratorio Veterinario - The Lab","isPartOf":{"@id":"http:\/\/www.thelab.com.mx\/#website"},"datePublished":"2024-08-03T17:42:59+00:00","dateModified":"2024-08-06T20:26:18+00:00","breadcrumb":{"@id":"https:\/\/www.thelab.com.mx\/acerca-laboratorio-veterinario\/#breadcrumb"},"inLanguage":"en-US","potentialAction":[{"@type":"ReadAction","target":["https:\/\/www.thelab.com.mx\/acerca-laboratorio-veterinario\/"]}]},{"@type":"BreadcrumbList","@id":"https:\/\/www.thelab.com.mx\/acerca-laboratorio-veterinario\/#breadcrumb","itemListElement":[{"@type":"ListItem","position":1,"name":"Home","item":"http:\/\/www.thelab.com.mx\/"},{"@type":"ListItem","position":2,"name":"Acerca Laboratorio Veterinario"}]},{"@type":"WebSite","@id":"http:\/\/www.thelab.com.mx\/#website","url":"http:\/\/www.thelab.com.mx\/","name":"The Lab","description":"The Lab","publisher":{"@id":"http:\/\/www.thelab.com.mx\/#organization"},"alternateName":"Laboratorio - The Lab","potentialAction":[{"@type":"SearchAction","target":{"@type":"EntryPoint","urlTemplate":"http:\/\/www.thelab.com.mx\/?s={search_term_string}"},"query-input":{"@type":"PropertyValueSpecification","valueRequired":true,"valueName":"search_term_string"}}],"inLanguage":"en-US"},{"@type":"Organization","@id":"http:\/\/www.thelab.com.mx\/#organization","name":"Laboratorio - The Lab","alternateName":"Laboratorio - The Lab","url":"http:\/\/www.thelab.com.mx\/","logo":{"@type":"ImageObject","inLanguage":"en-US","@id":"http:\/\/www.thelab.com.mx\/#\/schema\/logo\/image\/","url":"https:\/\/www.thelab.com.mx\/wp-content\/uploads\/the_lab-ogp.jpg","contentUrl":"https:\/\/www.thelab.com.mx\/wp-content\/uploads\/the_lab-ogp.jpg","width":1200,"height":1200,"caption":"Laboratorio - The Lab"},"image":{"@id":"http:\/\/www.thelab.com.mx\/#\/schema\/logo\/image\/"},"sameAs":["https:\/\/www.facebook.com\/people\/The-Lab\/100076796915908\/","https:\/\/www.instagram.com\/thelab_qroo\/"]}]}},"_links":{"self":[{"href":"https:\/\/www.thelab.com.mx\/en\/wp-json\/wp\/v2\/pages\/1522","targetHints":{"allow":["GET"]}}],"collection":[{"href":"https:\/\/www.thelab.com.mx\/en\/wp-json\/wp\/v2\/pages"}],"about":[{"href":"https:\/\/www.thelab.com.mx\/en\/wp-json\/wp\/v2\/types\/page"}],"author":[{"embeddable":true,"href":"https:\/\/www.thelab.com.mx\/en\/wp-json\/wp\/v2\/users\/1"}],"replies":[{"embeddable":true,"href":"https:\/\/www.thelab.com.mx\/en\/wp-json\/wp\/v2\/comments?post=1522"}],"version-history":[{"count":54,"href":"https:\/\/www.thelab.com.mx\/en\/wp-json\/wp\/v2\/pages\/1522\/revisions"}],"predecessor-version":[{"id":1714,"href":"https:\/\/www.thelab.com.mx\/en\/wp-json\/wp\/v2\/pages\/1522\/revisions\/1714"}],"wp:attachment":[{"href":"https:\/\/www.thelab.com.mx\/en\/wp-json\/wp\/v2\/media?parent=1522"}],"curies":[{"name":"wp","href":"https:\/\/api.w.org\/{rel}","templated":true}]}}