{"id":123,"date":"2024-04-22T17:10:21","date_gmt":"2024-04-22T22:10:21","guid":{"rendered":"https:\/\/www.thelab.com.mx\/?page_id=123"},"modified":"2024-05-11T15:04:44","modified_gmt":"2024-05-11T20:04:44","slug":"nosotros","status":"publish","type":"page","link":"https:\/\/www.thelab.com.mx\/en\/nosotros\/","title":{"rendered":"About Us"},"content":{"rendered":"<div data-elementor-type=\"wp-page\" data-elementor-id=\"123\" class=\"elementor elementor-123\">\n\t\t\t\t<div class=\"elementor-element elementor-element-6331061 e-con-full contCircle position-relative e-flex e-con e-parent\" data-id=\"6331061\" data-element_type=\"container\" data-settings=\"{&quot;background_background&quot;:&quot;classic&quot;}\">\n\t\t<div class=\"elementor-element elementor-element-2db919d e-flex e-con-boxed e-con e-child\" data-id=\"2db919d\" data-element_type=\"container\">\n\t\t\t\t\t<div class=\"e-con-inner\">\n\t\t\t\t<div class=\"elementor-element elementor-element-b2cf40a noSpace elementor-widget elementor-widget-text-editor\" data-id=\"b2cf40a\" data-element_type=\"widget\" data-widget_type=\"text-editor.default\">\n\t\t\t\t<div class=\"elementor-widget-container\">\n\t\t\t\t\t\t\t\t\t<p>Laboratorio The Lab<\/p>\t\t\t\t\t\t\t\t<\/div>\n\t\t\t\t<\/div>\n\t\t\t\t<div class=\"elementor-element elementor-element-8ad9465 elementor-widget elementor-widget-heading\" data-id=\"8ad9465\" data-element_type=\"widget\" data-widget_type=\"heading.default\">\n\t\t\t\t<div class=\"elementor-widget-container\">\n\t\t\t\t\t<h2 class=\"elementor-heading-title elementor-size-default\">Reliable results, in a timely manner<\/h2>\t\t\t\t<\/div>\n\t\t\t\t<\/div>\n\t\t\t\t<div class=\"elementor-element elementor-element-3d1671d elementor-widget elementor-widget-text-editor\" data-id=\"3d1671d\" data-element_type=\"widget\" data-widget_type=\"text-editor.default\">\n\t\t\t\t<div class=\"elementor-widget-container\">\n\t\t\t\t\t\t\t\t\t<p><span class=\"theLabTitle\">We<\/span> are a Clinical Analysis Laboratory located in the south of Playa del Carmen, with the best Norms and Quality Standards supported by a group of expert professionals in Regulations and Compliance to generate RELIABLE RESULTS, committed to the health of the patient so that they obtain their results. at OPPORTUNE TIMES, in the same way, bringing our services to your homes or business facilities. <br \/><br \/>We offer an ethical, professional and warm environment during the process of reception, sample taking and delivery of results.<\/p>\t\t\t\t\t\t\t\t<\/div>\n\t\t\t\t<\/div>\n\t\t\t\t<div class=\"elementor-element elementor-element-a99eaab elementor-icon-list--layout-traditional elementor-list-item-link-full_width elementor-widget elementor-widget-icon-list\" data-id=\"a99eaab\" data-element_type=\"widget\" data-widget_type=\"icon-list.default\">\n\t\t\t\t<div class=\"elementor-widget-container\">\n\t\t\t\t\t\t\t<ul class=\"elementor-icon-list-items\">\n\t\t\t\t\t\t\t<li class=\"elementor-icon-list-item\">\n\t\t\t\t\t\t\t\t\t\t\t<span class=\"elementor-icon-list-icon\">\n\t\t\t\t\t\t\t<svg aria-hidden=\"true\" class=\"e-font-icon-svg e-far-check-circle\" viewbox=\"0 0 512 512\" xmlns=\"http:\/\/www.w3.org\/2000\/svg\"><path d=\"M256 8C119.033 8 8 119.033 8 256s111.033 248 248 248 248-111.033 248-248S392.967 8 256 8zm0 48c110.532 0 200 89.451 200 200 0 110.532-89.451 200-200 200-110.532 0-200-89.451-200-200 0-110.532 89.451-200 200-200m140.204 130.267l-22.536-22.718c-4.667-4.705-12.265-4.736-16.97-.068L215.346 303.697l-59.792-60.277c-4.667-4.705-12.265-4.736-16.97-.069l-22.719 22.536c-4.705 4.667-4.736 12.265-.068 16.971l90.781 91.516c4.667 4.705 12.265 4.736 16.97.068l172.589-171.204c4.704-4.668 4.734-12.266.067-16.971z\"><\/path><\/svg>\t\t\t\t\t\t<\/span>\n\t\t\t\t\t\t\t\t\t\t<span class=\"elementor-icon-list-text\">All our staff has more than 10 years of experience and constant training in Clinical Analysis processes.<\/span>\n\t\t\t\t\t\t\t\t\t<\/li>\n\t\t\t\t\t\t\t\t<li class=\"elementor-icon-list-item\">\n\t\t\t\t\t\t\t\t\t\t\t<span class=\"elementor-icon-list-icon\">\n\t\t\t\t\t\t\t<svg aria-hidden=\"true\" class=\"e-font-icon-svg e-far-check-circle\" viewbox=\"0 0 512 512\" xmlns=\"http:\/\/www.w3.org\/2000\/svg\"><path d=\"M256 8C119.033 8 8 119.033 8 256s111.033 248 248 248 248-111.033 248-248S392.967 8 256 8zm0 48c110.532 0 200 89.451 200 200 0 110.532-89.451 200-200 200-110.532 0-200-89.451-200-200 0-110.532 89.451-200 200-200m140.204 130.267l-22.536-22.718c-4.667-4.705-12.265-4.736-16.97-.068L215.346 303.697l-59.792-60.277c-4.667-4.705-12.265-4.736-16.97-.069l-22.719 22.536c-4.705 4.667-4.736 12.265-.068 16.971l90.781 91.516c4.667 4.705 12.265 4.736 16.97.068l172.589-171.204c4.704-4.668 4.734-12.266.067-16.971z\"><\/path><\/svg>\t\t\t\t\t\t<\/span>\n\t\t\t\t\t\t\t\t\t\t<span class=\"elementor-icon-list-text\">Our Water and Food Analysis area is supported by Laboratories with Authorized Third Party Certification.<\/span>\n\t\t\t\t\t\t\t\t\t<\/li>\n\t\t\t\t\t\t\t\t<li class=\"elementor-icon-list-item\">\n\t\t\t\t\t\t\t\t\t\t\t<span class=\"elementor-icon-list-icon\">\n\t\t\t\t\t\t\t<svg aria-hidden=\"true\" class=\"e-font-icon-svg e-far-check-circle\" viewbox=\"0 0 512 512\" xmlns=\"http:\/\/www.w3.org\/2000\/svg\"><path d=\"M256 8C119.033 8 8 119.033 8 256s111.033 248 248 248 248-111.033 248-248S392.967 8 256 8zm0 48c110.532 0 200 89.451 200 200 0 110.532-89.451 200-200 200-110.532 0-200-89.451-200-200 0-110.532 89.451-200 200-200m140.204 130.267l-22.536-22.718c-4.667-4.705-12.265-4.736-16.97-.068L215.346 303.697l-59.792-60.277c-4.667-4.705-12.265-4.736-16.97-.069l-22.719 22.536c-4.705 4.667-4.736 12.265-.068 16.971l90.781 91.516c4.667 4.705 12.265 4.736 16.97.068l172.589-171.204c4.704-4.668 4.734-12.266.067-16.971z\"><\/path><\/svg>\t\t\t\t\t\t<\/span>\n\t\t\t\t\t\t\t\t\t\t<span class=\"elementor-icon-list-text\">Los Ultrasonidos son realizados por un medico especialista en Radiolog\u00eda y Ultrasonograf\u00eda con mas de 15 a\u00f1os de experiencia.<\/span>\n\t\t\t\t\t\t\t\t\t<\/li>\n\t\t\t\t\t\t\t\t<li class=\"elementor-icon-list-item\">\n\t\t\t\t\t\t\t\t\t\t\t<span class=\"elementor-icon-list-icon\">\n\t\t\t\t\t\t\t<svg aria-hidden=\"true\" class=\"e-font-icon-svg e-far-check-circle\" viewbox=\"0 0 512 512\" xmlns=\"http:\/\/www.w3.org\/2000\/svg\"><path d=\"M256 8C119.033 8 8 119.033 8 256s111.033 248 248 248 248-111.033 248-248S392.967 8 256 8zm0 48c110.532 0 200 89.451 200 200 0 110.532-89.451 200-200 200-110.532 0-200-89.451-200-200 0-110.532 89.451-200 200-200m140.204 130.267l-22.536-22.718c-4.667-4.705-12.265-4.736-16.97-.068L215.346 303.697l-59.792-60.277c-4.667-4.705-12.265-4.736-16.97-.069l-22.719 22.536c-4.705 4.667-4.736 12.265-.068 16.971l90.781 91.516c4.667 4.705 12.265 4.736 16.97.068l172.589-171.204c4.704-4.668 4.734-12.266.067-16.971z\"><\/path><\/svg>\t\t\t\t\t\t<\/span>\n\t\t\t\t\t\t\t\t\t\t<span class=\"elementor-icon-list-text\">We have important relevant certifications in our External Quality Controls (PACAL).<\/span>\n\t\t\t\t\t\t\t\t\t<\/li>\n\t\t\t\t\t\t<\/ul>\n\t\t\t\t\t\t<\/div>\n\t\t\t\t<\/div>\n\t\t\t\t\t<\/div>\n\t\t\t\t<\/div>\n\t\t<div class=\"elementor-element elementor-element-ba2cc9c e-flex e-con-boxed e-con e-child\" data-id=\"ba2cc9c\" data-element_type=\"container\">\n\t\t\t\t\t<div class=\"e-con-inner\">\n\t\t<div class=\"elementor-element elementor-element-b2f6322 e-flex e-con-boxed e-con e-child\" data-id=\"b2f6322\" data-element_type=\"container\">\n\t\t\t\t\t<div class=\"e-con-inner\">\n\t\t\t\t<div class=\"elementor-element elementor-element-aea6f80 elementor-widget elementor-widget-video\" data-id=\"aea6f80\" data-element_type=\"widget\" data-settings=\"{&quot;video_type&quot;:&quot;hosted&quot;,&quot;autoplay&quot;:&quot;yes&quot;,&quot;mute&quot;:&quot;yes&quot;,&quot;loop&quot;:&quot;yes&quot;,&quot;controls&quot;:&quot;yes&quot;}\" data-widget_type=\"video.default\">\n\t\t\t\t<div class=\"elementor-widget-container\">\n\t\t\t\t\t\t\t<div class=\"e-hosted-video elementor-wrapper elementor-open-inline\">\n\t\t\t\t\t<video class=\"elementor-video\" src=\"http:\/\/www.thelab.com.mx\/wp-content\/uploads\/thelab_nosotros.mp4\" autoplay=\"\" loop=\"\" controls=\"\" muted=\"muted\" controlslist=\"nodownload\"><\/video>\n\t\t\t\t<\/div>\n\t\t\t\t\t\t<\/div>\n\t\t\t\t<\/div>\n\t\t\t\t\t<\/div>\n\t\t\t\t<\/div>\n\t\t\t\t\t<\/div>\n\t\t\t\t<\/div>\n\t\t\t\t<\/div>\n\t\t<div class=\"elementor-element elementor-element-77a1be7 e-con-full contCircle position-relative e-flex e-con e-parent\" data-id=\"77a1be7\" data-element_type=\"container\">\n\t\t<div class=\"elementor-element elementor-element-9a40e6c e-flex e-con-boxed e-con e-child\" data-id=\"9a40e6c\" data-element_type=\"container\">\n\t\t\t\t\t<div class=\"e-con-inner\">\n\t\t\t\t<div class=\"elementor-element elementor-element-c4fa14b elementor-widget elementor-widget-video\" data-id=\"c4fa14b\" data-element_type=\"widget\" data-settings=\"{&quot;video_type&quot;:&quot;hosted&quot;,&quot;autoplay&quot;:&quot;yes&quot;,&quot;mute&quot;:&quot;yes&quot;,&quot;loop&quot;:&quot;yes&quot;,&quot;controls&quot;:&quot;yes&quot;}\" data-widget_type=\"video.default\">\n\t\t\t\t<div class=\"elementor-widget-container\">\n\t\t\t\t\t\t\t<div class=\"e-hosted-video elementor-wrapper elementor-open-inline\">\n\t\t\t\t\t<video class=\"elementor-video\" src=\"http:\/\/www.thelab.com.mx\/wp-content\/uploads\/clip_mision.mp4\" autoplay=\"\" loop=\"\" controls=\"\" muted=\"muted\" controlslist=\"nodownload\"><\/video>\n\t\t\t\t<\/div>\n\t\t\t\t\t\t<\/div>\n\t\t\t\t<\/div>\n\t\t\t\t\t<\/div>\n\t\t\t\t<\/div>\n\t\t<div class=\"elementor-element elementor-element-43c9dbb e-flex e-con-boxed e-con e-child\" data-id=\"43c9dbb\" data-element_type=\"container\">\n\t\t\t\t\t<div class=\"e-con-inner\">\n\t\t<div class=\"elementor-element elementor-element-9664b60 e-flex e-con-boxed e-con e-child\" data-id=\"9664b60\" data-element_type=\"container\">\n\t\t\t\t\t<div class=\"e-con-inner\">\n\t\t\t\t<div class=\"elementor-element elementor-element-81c9e90 elementor-widget elementor-widget-heading\" data-id=\"81c9e90\" data-element_type=\"widget\" data-widget_type=\"heading.default\">\n\t\t\t\t<div class=\"elementor-widget-container\">\n\t\t\t\t\t<h2 class=\"elementor-heading-title elementor-size-default\">Values<\/h2>\t\t\t\t<\/div>\n\t\t\t\t<\/div>\n\t\t\t\t<div class=\"elementor-element elementor-element-2226266 elementor-widget elementor-widget-text-editor\" data-id=\"2226266\" data-element_type=\"widget\" data-widget_type=\"text-editor.default\">\n\t\t\t\t<div class=\"elementor-widget-container\">\n\t\t\t\t\t\t\t\t\t<p><span class=\"theLabTitlealt\">T<\/span>thics<br \/><span class=\"theLabTitlealt\">H<\/span>onesty<br \/><span class=\"theLabTitlealt\">T<\/span>xperience<br \/><span class=\"theLabTitlealt\">W<\/span>ommitment<br \/><span class=\"theLabTitlealt\">R<\/span>espect<\/p>\t\t\t\t\t\t\t\t<\/div>\n\t\t\t\t<\/div>\n\t\t\t\t<div class=\"elementor-element elementor-element-a9d7b44 elementor-widget elementor-widget-heading\" data-id=\"a9d7b44\" data-element_type=\"widget\" data-widget_type=\"heading.default\">\n\t\t\t\t<div class=\"elementor-widget-container\">\n\t\t\t\t\t<h2 class=\"elementor-heading-title elementor-size-default\">Mision<\/h2>\t\t\t\t<\/div>\n\t\t\t\t<\/div>\n\t\t\t\t<div class=\"elementor-element elementor-element-fdbdd7f elementor-widget elementor-widget-text-editor\" data-id=\"fdbdd7f\" data-element_type=\"widget\" data-widget_type=\"text-editor.default\">\n\t\t\t\t<div class=\"elementor-widget-container\">\n\t\t\t\t\t\t\t\t\t<p><span class=\"theLabTitle\">W<\/span>e are a professional Laboratory, which delivers Reliable Results in opportune times, providing quality, warm and respectful care.<\/p>\t\t\t\t\t\t\t\t<\/div>\n\t\t\t\t<\/div>\n\t\t\t\t<div class=\"elementor-element elementor-element-c642ba1 elementor-widget elementor-widget-heading\" data-id=\"c642ba1\" data-element_type=\"widget\" data-widget_type=\"heading.default\">\n\t\t\t\t<div class=\"elementor-widget-container\">\n\t\t\t\t\t<h2 class=\"elementor-heading-title elementor-size-default\">Vision<\/h2>\t\t\t\t<\/div>\n\t\t\t\t<\/div>\n\t\t\t\t<div class=\"elementor-element elementor-element-4cbd9e4 elementor-widget elementor-widget-text-editor\" data-id=\"4cbd9e4\" data-element_type=\"widget\" data-widget_type=\"text-editor.default\">\n\t\t\t\t<div class=\"elementor-widget-container\">\n\t\t\t\t\t\t\t\t\t<p><span class=\"theLabTitle\">T<\/span>n <strong>THE LAB<\/strong> We work every day in a constant search for excellence to consolidate ourselves as a top-level laboratory dedicated to the laboratory practice of clinical analysis and ultrasonography.<\/p>\t\t\t\t\t\t\t\t<\/div>\n\t\t\t\t<\/div>\n\t\t\t\t\t<\/div>\n\t\t\t\t<\/div>\n\t\t\t\t\t<\/div>\n\t\t\t\t<\/div>\n\t\t\t\t<\/div>\n\t\t<div class=\"elementor-element elementor-element-56d7117 e-flex e-con-boxed e-con e-parent\" data-id=\"56d7117\" data-element_type=\"container\">\n\t\t\t\t\t<div class=\"e-con-inner\">\n\t\t\t\t<div class=\"elementor-element elementor-element-a76c034 elementor-widget elementor-widget-shortcode\" data-id=\"a76c034\" data-element_type=\"widget\" data-widget_type=\"shortcode.default\">\n\t\t\t\t<div class=\"elementor-widget-container\">\n\t\t\t\t\t\t\t<div class=\"elementor-shortcode\">    <div class=\"container-fluid p-0\">\n        <div class=\"masonry\">\n                      <div class=\"item fadeIn\" style=\"animation-delay: 1.88s;\">\n              <a href=\"https:\/\/www.thelab.com.mx\/wp-content\/plugins\/square-gallery\/images\/10.webp\">\n                  <img decoding=\"async\" src=\"https:\/\/www.thelab.com.mx\/wp-content\/plugins\/square-gallery\/images\/10.webp\" alt=\"10\">\n              <\/a>\n            <\/div>\n                      <div class=\"item fadeIn\" style=\"animation-delay: 1.68s;\">\n              <a href=\"https:\/\/www.thelab.com.mx\/wp-content\/plugins\/square-gallery\/images\/8.webp\">\n                  <img decoding=\"async\" src=\"https:\/\/www.thelab.com.mx\/wp-content\/plugins\/square-gallery\/images\/8.webp\" alt=\"8\">\n              <\/a>\n            <\/div>\n                      <div class=\"item fadeIn\" style=\"animation-delay: 2.38s;\">\n              <a href=\"https:\/\/www.thelab.com.mx\/wp-content\/plugins\/square-gallery\/images\/3.webp\">\n                  <img decoding=\"async\" src=\"https:\/\/www.thelab.com.mx\/wp-content\/plugins\/square-gallery\/images\/3.webp\" alt=\"3\">\n              <\/a>\n            <\/div>\n                      <div class=\"item fadeIn\" style=\"animation-delay: 0.65s;\">\n              <a href=\"https:\/\/www.thelab.com.mx\/wp-content\/plugins\/square-gallery\/images\/11.webp\">\n                  <img decoding=\"async\" src=\"https:\/\/www.thelab.com.mx\/wp-content\/plugins\/square-gallery\/images\/11.webp\" alt=\"11\">\n              <\/a>\n            <\/div>\n                      <div class=\"item fadeInUp\" style=\"animation-delay: 2.04s;\">\n              <a href=\"https:\/\/www.thelab.com.mx\/wp-content\/plugins\/square-gallery\/images\/7.webp\">\n                  <img decoding=\"async\" src=\"https:\/\/www.thelab.com.mx\/wp-content\/plugins\/square-gallery\/images\/7.webp\" alt=\"7\">\n              <\/a>\n            <\/div>\n                      <div class=\"item fadeInDown\" style=\"animation-delay: 1.98s;\">\n              <a href=\"https:\/\/www.thelab.com.mx\/wp-content\/plugins\/square-gallery\/images\/4.webp\">\n                  <img decoding=\"async\" src=\"https:\/\/www.thelab.com.mx\/wp-content\/plugins\/square-gallery\/images\/4.webp\" alt=\"4\">\n              <\/a>\n            <\/div>\n                      <div class=\"item fadeInDown\" style=\"animation-delay: 1.41s;\">\n              <a href=\"https:\/\/www.thelab.com.mx\/wp-content\/plugins\/square-gallery\/images\/5.webp\">\n                  <img decoding=\"async\" src=\"https:\/\/www.thelab.com.mx\/wp-content\/plugins\/square-gallery\/images\/5.webp\" alt=\"5\">\n              <\/a>\n            <\/div>\n                      <div class=\"item fadeInUp\" style=\"animation-delay: 1.5s;\">\n              <a href=\"https:\/\/www.thelab.com.mx\/wp-content\/plugins\/square-gallery\/images\/1.webp\">\n                  <img decoding=\"async\" src=\"https:\/\/www.thelab.com.mx\/wp-content\/plugins\/square-gallery\/images\/1.webp\" alt=\"1\">\n              <\/a>\n            <\/div>\n                      <div class=\"item fadeInDown\" style=\"animation-delay: 2.33s;\">\n              <a href=\"https:\/\/www.thelab.com.mx\/wp-content\/plugins\/square-gallery\/images\/9.webp\">\n                  <img decoding=\"async\" src=\"https:\/\/www.thelab.com.mx\/wp-content\/plugins\/square-gallery\/images\/9.webp\" alt=\"9\">\n              <\/a>\n            <\/div>\n                      <div class=\"item fadeInUp\" style=\"animation-delay: 0.65s;\">\n              <a href=\"https:\/\/www.thelab.com.mx\/wp-content\/plugins\/square-gallery\/images\/6.webp\">\n                  <img decoding=\"async\" src=\"https:\/\/www.thelab.com.mx\/wp-content\/plugins\/square-gallery\/images\/6.webp\" alt=\"6\">\n              <\/a>\n            <\/div>\n                      <div class=\"item fadeInDown\" style=\"animation-delay: 0.62s;\">\n              <a href=\"https:\/\/www.thelab.com.mx\/wp-content\/plugins\/square-gallery\/images\/2.webp\">\n                  <img decoding=\"async\" src=\"https:\/\/www.thelab.com.mx\/wp-content\/plugins\/square-gallery\/images\/2.webp\" alt=\"2\">\n              <\/a>\n            <\/div>\n                  <\/div>\n    <\/div>\n    <\/div>\n\t\t\t\t\t\t<\/div>\n\t\t\t\t<\/div>\n\t\t\t\t\t<\/div>\n\t\t\t\t<\/div>\n\t\t\t\t<\/div>","protected":false},"excerpt":{"rendered":"<p>Laboratorio The Lab RESULTADOS CONFIABLES EN TIEMPOS OPORTUNOS Somos un Laboratorio de An\u00e1lisis Cl\u00ednicos ubicados en el sur de Playa del Carmen, con las mejores Normas y Est\u00e1ndares de Calidad respaldado por un grupo de profesionales expertos en Normatividad y Cumplimiento para generar RESULTADOS CONFIABLES, comprometidos con la salud del paciente para que obtenga sus [&hellip;]<\/p>","protected":false},"author":1,"featured_media":0,"parent":0,"menu_order":0,"comment_status":"closed","ping_status":"closed","template":"","meta":{"footnotes":""},"class_list":["post-123","page","type-page","status-publish","hentry"],"yoast_head":"<!-- This site is optimized with the Yoast SEO plugin v25.8 - https:\/\/yoast.com\/wordpress\/plugins\/seo\/ -->\n<title>Nosotros - The Lab<\/title>\n<meta name=\"robots\" content=\"index, follow, max-snippet:-1, max-image-preview:large, max-video-preview:-1\" \/>\n<link rel=\"canonical\" href=\"http:\/\/www.thelab.com.mx\/en\/nosotros\/\" \/>\n<meta property=\"og:locale\" content=\"en_US\" \/>\n<meta property=\"og:type\" content=\"article\" \/>\n<meta property=\"og:title\" content=\"Nosotros - The Lab\" \/>\n<meta property=\"og:description\" content=\"Laboratorio The Lab RESULTADOS CONFIABLES EN TIEMPOS OPORTUNOS Somos un Laboratorio de An\u00e1lisis Cl\u00ednicos ubicados en el sur de Playa del Carmen, con las mejores Normas y Est\u00e1ndares de Calidad respaldado por un grupo de profesionales expertos en Normatividad y Cumplimiento para generar RESULTADOS CONFIABLES, comprometidos con la salud del paciente para que obtenga sus [&hellip;]\" \/>\n<meta property=\"og:url\" content=\"http:\/\/www.thelab.com.mx\/en\/nosotros\/\" \/>\n<meta property=\"og:site_name\" content=\"The Lab\" \/>\n<meta property=\"article:publisher\" content=\"https:\/\/www.facebook.com\/people\/The-Lab\/100076796915908\/\" \/>\n<meta property=\"article:modified_time\" content=\"2024-05-11T20:04:44+00:00\" \/>\n<meta name=\"twitter:card\" content=\"summary_large_image\" \/>\n<meta name=\"twitter:label1\" content=\"Est. reading time\" \/>\n\t<meta name=\"twitter:data1\" content=\"1 minute\" \/>\n<script type=\"application\/ld+json\" class=\"yoast-schema-graph\">{\"@context\":\"https:\/\/schema.org\",\"@graph\":[{\"@type\":\"WebPage\",\"@id\":\"http:\/\/www.thelab.com.mx\/nosotros\/\",\"url\":\"http:\/\/www.thelab.com.mx\/nosotros\/\",\"name\":\"Nosotros - The Lab\",\"isPartOf\":{\"@id\":\"http:\/\/www.thelab.com.mx\/#website\"},\"datePublished\":\"2024-04-22T22:10:21+00:00\",\"dateModified\":\"2024-05-11T20:04:44+00:00\",\"breadcrumb\":{\"@id\":\"http:\/\/www.thelab.com.mx\/nosotros\/#breadcrumb\"},\"inLanguage\":\"en-US\",\"potentialAction\":[{\"@type\":\"ReadAction\",\"target\":[\"http:\/\/www.thelab.com.mx\/nosotros\/\"]}]},{\"@type\":\"BreadcrumbList\",\"@id\":\"http:\/\/www.thelab.com.mx\/nosotros\/#breadcrumb\",\"itemListElement\":[{\"@type\":\"ListItem\",\"position\":1,\"name\":\"Home\",\"item\":\"http:\/\/www.thelab.com.mx\/\"},{\"@type\":\"ListItem\",\"position\":2,\"name\":\"Nosotros\"}]},{\"@type\":\"WebSite\",\"@id\":\"http:\/\/www.thelab.com.mx\/#website\",\"url\":\"http:\/\/www.thelab.com.mx\/\",\"name\":\"The Lab\",\"description\":\"The Lab\",\"publisher\":{\"@id\":\"http:\/\/www.thelab.com.mx\/#organization\"},\"alternateName\":\"Laboratorio - The Lab\",\"potentialAction\":[{\"@type\":\"SearchAction\",\"target\":{\"@type\":\"EntryPoint\",\"urlTemplate\":\"http:\/\/www.thelab.com.mx\/?s={search_term_string}\"},\"query-input\":{\"@type\":\"PropertyValueSpecification\",\"valueRequired\":true,\"valueName\":\"search_term_string\"}}],\"inLanguage\":\"en-US\"},{\"@type\":\"Organization\",\"@id\":\"http:\/\/www.thelab.com.mx\/#organization\",\"name\":\"Laboratorio - The Lab\",\"alternateName\":\"Laboratorio - The Lab\",\"url\":\"http:\/\/www.thelab.com.mx\/\",\"logo\":{\"@type\":\"ImageObject\",\"inLanguage\":\"en-US\",\"@id\":\"http:\/\/www.thelab.com.mx\/#\/schema\/logo\/image\/\",\"url\":\"https:\/\/www.thelab.com.mx\/wp-content\/uploads\/the_lab-ogp.jpg\",\"contentUrl\":\"https:\/\/www.thelab.com.mx\/wp-content\/uploads\/the_lab-ogp.jpg\",\"width\":1200,\"height\":1200,\"caption\":\"Laboratorio - The Lab\"},\"image\":{\"@id\":\"http:\/\/www.thelab.com.mx\/#\/schema\/logo\/image\/\"},\"sameAs\":[\"https:\/\/www.facebook.com\/people\/The-Lab\/100076796915908\/\",\"https:\/\/www.instagram.com\/thelab_qroo\/\"]}]}<\/script>\n<!-- \/ Yoast SEO plugin. -->","yoast_head_json":{"title":"Nosotros - The Lab","robots":{"index":"index","follow":"follow","max-snippet":"max-snippet:-1","max-image-preview":"max-image-preview:large","max-video-preview":"max-video-preview:-1"},"canonical":"http:\/\/www.thelab.com.mx\/en\/nosotros\/","og_locale":"en_US","og_type":"article","og_title":"Nosotros - The Lab","og_description":"Laboratorio The Lab RESULTADOS CONFIABLES EN TIEMPOS OPORTUNOS Somos un Laboratorio de An\u00e1lisis Cl\u00ednicos ubicados en el sur de Playa del Carmen, con las mejores Normas y Est\u00e1ndares de Calidad respaldado por un grupo de profesionales expertos en Normatividad y Cumplimiento para generar RESULTADOS CONFIABLES, comprometidos con la salud del paciente para que obtenga sus [&hellip;]","og_url":"http:\/\/www.thelab.com.mx\/en\/nosotros\/","og_site_name":"The Lab","article_publisher":"https:\/\/www.facebook.com\/people\/The-Lab\/100076796915908\/","article_modified_time":"2024-05-11T20:04:44+00:00","twitter_card":"summary_large_image","twitter_misc":{"Est. reading time":"1 minute"},"schema":{"@context":"https:\/\/schema.org","@graph":[{"@type":"WebPage","@id":"http:\/\/www.thelab.com.mx\/nosotros\/","url":"http:\/\/www.thelab.com.mx\/nosotros\/","name":"Nosotros - The Lab","isPartOf":{"@id":"http:\/\/www.thelab.com.mx\/#website"},"datePublished":"2024-04-22T22:10:21+00:00","dateModified":"2024-05-11T20:04:44+00:00","breadcrumb":{"@id":"http:\/\/www.thelab.com.mx\/nosotros\/#breadcrumb"},"inLanguage":"en-US","potentialAction":[{"@type":"ReadAction","target":["http:\/\/www.thelab.com.mx\/nosotros\/"]}]},{"@type":"BreadcrumbList","@id":"http:\/\/www.thelab.com.mx\/nosotros\/#breadcrumb","itemListElement":[{"@type":"ListItem","position":1,"name":"Home","item":"http:\/\/www.thelab.com.mx\/"},{"@type":"ListItem","position":2,"name":"Nosotros"}]},{"@type":"WebSite","@id":"http:\/\/www.thelab.com.mx\/#website","url":"http:\/\/www.thelab.com.mx\/","name":"The Lab","description":"The Lab","publisher":{"@id":"http:\/\/www.thelab.com.mx\/#organization"},"alternateName":"Laboratorio - The Lab","potentialAction":[{"@type":"SearchAction","target":{"@type":"EntryPoint","urlTemplate":"http:\/\/www.thelab.com.mx\/?s={search_term_string}"},"query-input":{"@type":"PropertyValueSpecification","valueRequired":true,"valueName":"search_term_string"}}],"inLanguage":"en-US"},{"@type":"Organization","@id":"http:\/\/www.thelab.com.mx\/#organization","name":"Laboratorio - The Lab","alternateName":"Laboratorio - The Lab","url":"http:\/\/www.thelab.com.mx\/","logo":{"@type":"ImageObject","inLanguage":"en-US","@id":"http:\/\/www.thelab.com.mx\/#\/schema\/logo\/image\/","url":"https:\/\/www.thelab.com.mx\/wp-content\/uploads\/the_lab-ogp.jpg","contentUrl":"https:\/\/www.thelab.com.mx\/wp-content\/uploads\/the_lab-ogp.jpg","width":1200,"height":1200,"caption":"Laboratorio - The Lab"},"image":{"@id":"http:\/\/www.thelab.com.mx\/#\/schema\/logo\/image\/"},"sameAs":["https:\/\/www.facebook.com\/people\/The-Lab\/100076796915908\/","https:\/\/www.instagram.com\/thelab_qroo\/"]}]}},"_links":{"self":[{"href":"https:\/\/www.thelab.com.mx\/en\/wp-json\/wp\/v2\/pages\/123","targetHints":{"allow":["GET"]}}],"collection":[{"href":"https:\/\/www.thelab.com.mx\/en\/wp-json\/wp\/v2\/pages"}],"about":[{"href":"https:\/\/www.thelab.com.mx\/en\/wp-json\/wp\/v2\/types\/page"}],"author":[{"embeddable":true,"href":"https:\/\/www.thelab.com.mx\/en\/wp-json\/wp\/v2\/users\/1"}],"replies":[{"embeddable":true,"href":"https:\/\/www.thelab.com.mx\/en\/wp-json\/wp\/v2\/comments?post=123"}],"version-history":[{"count":151,"href":"https:\/\/www.thelab.com.mx\/en\/wp-json\/wp\/v2\/pages\/123\/revisions"}],"predecessor-version":[{"id":1397,"href":"https:\/\/www.thelab.com.mx\/en\/wp-json\/wp\/v2\/pages\/123\/revisions\/1397"}],"wp:attachment":[{"href":"https:\/\/www.thelab.com.mx\/en\/wp-json\/wp\/v2\/media?parent=123"}],"curies":[{"name":"wp","href":"https:\/\/api.w.org\/{rel}","templated":true}]}}